{"id":18405,"date":"2025-06-10T20:28:54","date_gmt":"2025-06-10T18:28:54","guid":{"rendered":"https:\/\/vossgass.no\/produkt\/torrgjaer-lalbrew-pomona-11g-modern-hybrid-ipa-yeast\/"},"modified":"2026-02-19T14:38:03","modified_gmt":"2026-02-19T13:38:03","slug":"torrgjaer-lalbrew-pomona-11g-modern-hybrid-ipa-yeast","status":"publish","type":"product","link":"https:\/\/vossgass.no\/en\/product\/torrgjaer-lalbrew-pomona-11g-modern-hybrid-ipa-yeast\/","title":{"rendered":"LalBrew Pomona 11g Modern Hybrid IPA T\u00f8rrgj\u00e6r"},"content":{"rendered":"","protected":false},"excerpt":{"rendered":"<p>LalBrew Pomona\u2122 er en hybridgj\u00e6r som er valgt ut for smak og gj\u00e6ringseffektivitet i humlerike \u00f8l. Oppkalt etter gudinnen for frukttr\u00e6r, produserer LalBrew Pomona\u2122 en unik og saftig smaksprofil med noter av fersken, sitrus og tropiske frukter.<\/p>\n<p>Denne stammen ble utviklet av Escarpment Laboratories (Canada) ved hjelp av avansert gj\u00e6ravling og adaptiv laboratorieevolusjon i h\u00f8y ABV og sterkt humlede IPA-gj\u00e6ringer. Resultatet er en fruktig, stress-tolerant og robust stamme som forbedrer biotransformasjon og \u00f8ker grumsethet for moderne IPA-stiler.<\/p>\n<p>Utgj\u00e6ring(attenuation): 75-84%<br \/>\nTemperaturomr\u00e5de: 18 &#8211; 22\u00b0C (64 &#8211; 72\u00b0F)<br \/>\nFlokkulering: Middels<br \/>\nAroma: Fersken, sitrus, tropisk frukt<br \/>\nAlkoholtoleranse: 10% ABV<br \/>\nPitching rate: 50 &#8211; 100g\/hL<\/p>","protected":false},"featured_media":18406,"comment_status":"open","ping_status":"closed","template":"","meta":[],"product_brand":[],"product_cat":[180,91,149],"product_tag":[],"class_list":{"0":"post-18405","1":"product","2":"type-product","3":"status-publish","4":"has-post-thumbnail","6":"product_cat-gjaer","7":"product_cat-heimabrygg","8":"product_cat-ravarer","10":"first","11":"instock","12":"taxable","13":"shipping-taxable","14":"purchasable","15":"product-type-simple"},"_links":{"self":[{"href":"https:\/\/vossgass.no\/en\/wp-json\/wp\/v2\/product\/18405","targetHints":{"allow":["GET"]}}],"collection":[{"href":"https:\/\/vossgass.no\/en\/wp-json\/wp\/v2\/product"}],"about":[{"href":"https:\/\/vossgass.no\/en\/wp-json\/wp\/v2\/types\/product"}],"replies":[{"embeddable":true,"href":"https:\/\/vossgass.no\/en\/wp-json\/wp\/v2\/comments?post=18405"}],"wp:featuredmedia":[{"embeddable":true,"href":"https:\/\/vossgass.no\/en\/wp-json\/wp\/v2\/media\/18406"}],"wp:attachment":[{"href":"https:\/\/vossgass.no\/en\/wp-json\/wp\/v2\/media?parent=18405"}],"wp:term":[{"taxonomy":"product_brand","embeddable":true,"href":"https:\/\/vossgass.no\/en\/wp-json\/wp\/v2\/product_brand?post=18405"},{"taxonomy":"product_cat","embeddable":true,"href":"https:\/\/vossgass.no\/en\/wp-json\/wp\/v2\/product_cat?post=18405"},{"taxonomy":"product_tag","embeddable":true,"href":"https:\/\/vossgass.no\/en\/wp-json\/wp\/v2\/product_tag?post=18405"}],"curies":[{"name":"wp","href":"https:\/\/api.w.org\/{rel}","templated":true}]}}