{"id":18403,"date":"2025-06-10T20:21:01","date_gmt":"2025-06-10T18:21:01","guid":{"rendered":"https:\/\/vossgass.no\/produkt\/fwk-krush-hour-fresh-wort-kit\/"},"modified":"2026-02-19T14:39:06","modified_gmt":"2026-02-19T13:39:06","slug":"fwk-krush-hour-fresh-wort-kit","status":"publish","type":"product","link":"https:\/\/vossgass.no\/en\/product\/fwk-krush-hour-fresh-wort-kit\/","title":{"rendered":"FWK Krush Hour Fresh Wort Kit"},"content":{"rendered":"","protected":false},"excerpt":{"rendered":"<p>FRESH WORT KIT! &#8211; Til deg som vil brygge godt \u00f8l, men ikke har tid eller plass til allgrain brygging.<br \/>\nHer har vi kort forklart brygget \u00f8lsettet for deg, slik at du kun trenger \u00e5 gj\u00e6re og tappe \u00f8let. Les mer om Fresh Wort Kit her<\/p>\n<p>Krush Hour West Coast IPA Limited Edition<br \/>\nI samarbeid med Espen Westum har vi laget en heftig West Coast IPA med Galaxy, Eclipes og Krush\u2122 humle, som gir eksplosiv aroma av mango og guava, kombinert med fersken og friske appelsiner. Denne vil kun v\u00e6re tilgjengelig i en begrenset periode.<\/p>\n<p>Denne er t\u00f8rr og bitter som stilen tilsier, med en tydelig humleprofil og fruktige aromaer i fokus. En velbalansert IPA med klassisk vestkystpreg og ren avslutning.<\/p>\n<p>Stil: West Coast IPA<\/p>\n<p>Alkoholprosent: ca. 7,4%.<br \/>\nIBU: ca. 90 \u2013 H\u00f8y bitter. Farge: 10 EBC &#8211; halmgul<\/p>\n<p>Inneholder ferdig brygget v\u00f8rter for 20 liter \u00f8l<\/p>\n<p>Instruks:<\/p>\n<p>Hell v\u00f8rter over i gj\u00e6ringskaret ditt<br \/>\nTopp opp med rent vann til 20 liter totalt volum.<br \/>\nTilsett gj\u00e6r<br \/>\nSett p\u00e5 lokk og gj\u00e6rl\u00e5s<br \/>\nF\u00f8lg den medf\u00f8lgende veiledningen med tanke p\u00e5 t\u00f8rrhumling og anbefalt gj\u00e6ringstemperatur<br \/>\nInkludert:<br \/>\nGj\u00e6r: WLPD066 London Fog Lallemand\/White Labs<br \/>\nT\u00f8rrhumle: Krush<\/p>\n<p>Gj\u00e6res p\u00e5 ca. 20\u00b0C. T\u00f8rrhumle tilsettes i henhold til beskrivelse p\u00e5 humleposene.<\/p>\n<p>CO2 volum p\u00e5 fat: ca 2,5<\/p>","protected":false},"featured_media":18404,"comment_status":"open","ping_status":"closed","template":"","meta":[],"product_brand":[],"product_cat":[621,91,259],"product_tag":[],"class_list":{"0":"post-18403","1":"product","2":"type-product","3":"status-publish","4":"has-post-thumbnail","6":"product_cat-fresh-wort-sett-fwk","7":"product_cat-heimabrygg","8":"product_cat-ol-cidersett","9":"product_shipping_class-kan-ikke-sendes","11":"first","12":"outofstock","13":"taxable","14":"shipping-taxable","15":"purchasable","16":"product-type-simple"},"_links":{"self":[{"href":"https:\/\/vossgass.no\/en\/wp-json\/wp\/v2\/product\/18403","targetHints":{"allow":["GET"]}}],"collection":[{"href":"https:\/\/vossgass.no\/en\/wp-json\/wp\/v2\/product"}],"about":[{"href":"https:\/\/vossgass.no\/en\/wp-json\/wp\/v2\/types\/product"}],"replies":[{"embeddable":true,"href":"https:\/\/vossgass.no\/en\/wp-json\/wp\/v2\/comments?post=18403"}],"wp:featuredmedia":[{"embeddable":true,"href":"https:\/\/vossgass.no\/en\/wp-json\/wp\/v2\/media\/18404"}],"wp:attachment":[{"href":"https:\/\/vossgass.no\/en\/wp-json\/wp\/v2\/media?parent=18403"}],"wp:term":[{"taxonomy":"product_brand","embeddable":true,"href":"https:\/\/vossgass.no\/en\/wp-json\/wp\/v2\/product_brand?post=18403"},{"taxonomy":"product_cat","embeddable":true,"href":"https:\/\/vossgass.no\/en\/wp-json\/wp\/v2\/product_cat?post=18403"},{"taxonomy":"product_tag","embeddable":true,"href":"https:\/\/vossgass.no\/en\/wp-json\/wp\/v2\/product_tag?post=18403"}],"curies":[{"name":"wp","href":"https:\/\/api.w.org\/{rel}","templated":true}]}}