{"id":18399,"date":"2025-06-10T16:55:40","date_gmt":"2025-06-10T14:55:40","guid":{"rendered":"https:\/\/vossgass.no\/produkt\/8mm-5-16-til-65mm-slangenippel-duotight-hurtigkobling\/"},"modified":"2026-02-19T14:41:20","modified_gmt":"2026-02-19T13:41:20","slug":"8mm-5-16-til-65mm-slangenippel-duotight-hurtigkobling","status":"publish","type":"product","link":"https:\/\/vossgass.no\/en\/product\/8mm-5-16-til-65mm-slangenippel-duotight-hurtigkobling\/","title":{"rendered":"8mm (5\/16&#8243;) til 6,5mm slangenippel Duotight Hurtigkobling"},"content":{"rendered":"","protected":false},"excerpt":{"rendered":"<p>Duotight Hurtigkobling 8mm (5\/16&#8243;) til 6,5mm slangenippel<\/p>\n<p>Perfekt n\u00e5r du \u00f8nsker \u00e5 koble \u00e9n side direkte til en duotight-kobling, og den andre siden festes med slangeklemme rundt slangen. Gir fleksibel tilpasning mellom ulike koblingssystemer.<\/p>","protected":false},"featured_media":18400,"comment_status":"open","ping_status":"closed","template":"","meta":[],"product_brand":[],"product_cat":[256,91],"product_tag":[],"class_list":{"0":"post-18399","1":"product","2":"type-product","3":"status-publish","4":"has-post-thumbnail","6":"product_cat-bryggeutstyr-heimabrygg","7":"product_cat-heimabrygg","9":"first","10":"instock","11":"taxable","12":"shipping-taxable","13":"purchasable","14":"product-type-simple"},"_links":{"self":[{"href":"https:\/\/vossgass.no\/en\/wp-json\/wp\/v2\/product\/18399","targetHints":{"allow":["GET"]}}],"collection":[{"href":"https:\/\/vossgass.no\/en\/wp-json\/wp\/v2\/product"}],"about":[{"href":"https:\/\/vossgass.no\/en\/wp-json\/wp\/v2\/types\/product"}],"replies":[{"embeddable":true,"href":"https:\/\/vossgass.no\/en\/wp-json\/wp\/v2\/comments?post=18399"}],"wp:featuredmedia":[{"embeddable":true,"href":"https:\/\/vossgass.no\/en\/wp-json\/wp\/v2\/media\/18400"}],"wp:attachment":[{"href":"https:\/\/vossgass.no\/en\/wp-json\/wp\/v2\/media?parent=18399"}],"wp:term":[{"taxonomy":"product_brand","embeddable":true,"href":"https:\/\/vossgass.no\/en\/wp-json\/wp\/v2\/product_brand?post=18399"},{"taxonomy":"product_cat","embeddable":true,"href":"https:\/\/vossgass.no\/en\/wp-json\/wp\/v2\/product_cat?post=18399"},{"taxonomy":"product_tag","embeddable":true,"href":"https:\/\/vossgass.no\/en\/wp-json\/wp\/v2\/product_tag?post=18399"}],"curies":[{"name":"wp","href":"https:\/\/api.w.org\/{rel}","templated":true}]}}