{"id":18394,"date":"2025-06-10T16:30:43","date_gmt":"2025-06-10T14:30:43","guid":{"rendered":"https:\/\/vossgass.no\/produkt\/635mm-til-95mm-1-4-til-3-8-duotight-hurtigkobling\/"},"modified":"2026-02-19T14:42:27","modified_gmt":"2026-02-19T13:42:27","slug":"635mm-til-95mm-1-4-til-3-8-duotight-hurtigkobling","status":"publish","type":"product","link":"https:\/\/vossgass.no\/en\/product\/635mm-til-95mm-1-4-til-3-8-duotight-hurtigkobling\/","title":{"rendered":"6,35mm til 9,5mm (1\/4&#8243; til 3\/8&#8243;) Duotight Hurtigkobling"},"content":{"rendered":"","protected":false},"excerpt":{"rendered":"<p>Duotight hurtigkobling 6,35mm til 9,5mm, hunn til hunn kobling.<\/p>\n<p>Duotight push-in fittings utviklet av Australske KegLand er de beste hurtigkoblingene p\u00e5 markedet. Her har fokus v\u00e6rt kvalitet, og de har videreutviklet konseptet hvor det benyttes doble O-ringer (laget av EPDM*) for \u00e5 sikre at koblingene ikke lekker, selv om slangene b\u00f8yes og bendes mer enn normalt. \u00d8nsker du koblinger og tappelinjer som holder tett skal du velge Duotight hurtigkoblinge fra KegLand. Takler trykk opp til 100psi.<\/p>\n<p>Optimal l\u00f8sning f\u00e5r du n\u00e5r du benytter disse sammen med diffusjonstettet EVABarrier slanger fra KegLand.<\/p>\n<p>EPDM = Ethylene Propylene gummi. God kjemisk motstandsdyktighet, inklusiv ozon, ulike olje-produkter, alakaliske og syre-produkter, vann, alkohol, ketoner og drikkevarer generelt. EPDM har ogs\u00e5 gode aldrings- og slite-egenskaper, er uten BPA (bisphenol A) og er generelt \u00e5 foretrekke fremfor silikon og andre lignende produkter.<\/p>","protected":false},"featured_media":18395,"comment_status":"open","ping_status":"closed","template":"","meta":[],"product_brand":[],"product_cat":[256,91],"product_tag":[],"class_list":{"0":"post-18394","1":"product","2":"type-product","3":"status-publish","4":"has-post-thumbnail","6":"product_cat-bryggeutstyr-heimabrygg","7":"product_cat-heimabrygg","9":"first","10":"instock","11":"taxable","12":"shipping-taxable","13":"purchasable","14":"product-type-simple"},"_links":{"self":[{"href":"https:\/\/vossgass.no\/en\/wp-json\/wp\/v2\/product\/18394","targetHints":{"allow":["GET"]}}],"collection":[{"href":"https:\/\/vossgass.no\/en\/wp-json\/wp\/v2\/product"}],"about":[{"href":"https:\/\/vossgass.no\/en\/wp-json\/wp\/v2\/types\/product"}],"replies":[{"embeddable":true,"href":"https:\/\/vossgass.no\/en\/wp-json\/wp\/v2\/comments?post=18394"}],"wp:featuredmedia":[{"embeddable":true,"href":"https:\/\/vossgass.no\/en\/wp-json\/wp\/v2\/media\/18395"}],"wp:attachment":[{"href":"https:\/\/vossgass.no\/en\/wp-json\/wp\/v2\/media?parent=18394"}],"wp:term":[{"taxonomy":"product_brand","embeddable":true,"href":"https:\/\/vossgass.no\/en\/wp-json\/wp\/v2\/product_brand?post=18394"},{"taxonomy":"product_cat","embeddable":true,"href":"https:\/\/vossgass.no\/en\/wp-json\/wp\/v2\/product_cat?post=18394"},{"taxonomy":"product_tag","embeddable":true,"href":"https:\/\/vossgass.no\/en\/wp-json\/wp\/v2\/product_tag?post=18394"}],"curies":[{"name":"wp","href":"https:\/\/api.w.org\/{rel}","templated":true}]}}