{"id":18363,"date":"2025-06-05T16:45:46","date_gmt":"2025-06-05T14:45:46","guid":{"rendered":"https:\/\/vossgass.no\/produkt\/brunner-atmo-rg-takvifte-m-lys-ladbar\/"},"modified":"2026-02-19T14:45:55","modified_gmt":"2026-02-19T13:45:55","slug":"brunner-atmo-rg-takvifte-m-lys-ladbar","status":"publish","type":"product","link":"https:\/\/vossgass.no\/en\/product\/brunner-atmo-rg-takvifte-m-lys-ladbar\/","title":{"rendered":"Brunner Atmo RG takvifte m\/lys. Ladbar."},"content":{"rendered":"","protected":false},"excerpt":{"rendered":"<p>Atmo RG er en praktisk og oppladbar vifte\/taklampe med skarpe LED-lamper som gir b\u00e5de lys og en kj\u00f8lig bris. Viften har fire kraftige blader. Det funksjonelle designet lar deg feste viften enten i taket eller plassere den p\u00e5 bordet. Atmo RG tar liten plass takket v\u00e6re det uttrekkbare h\u00e5ndtaket.<\/p>\n<p> MERK! M\u00e5 lades 24 timer i en stikkontakt f\u00f8r f\u00f8rste gangs bruk.<\/p>","protected":false},"featured_media":18364,"comment_status":"open","ping_status":"closed","template":"","meta":[],"product_brand":[],"product_cat":[260],"product_tag":[],"class_list":{"0":"post-18363","1":"product","2":"type-product","3":"status-publish","4":"has-post-thumbnail","6":"product_cat-hytte-camping-fritid","8":"first","9":"instock","10":"taxable","11":"shipping-taxable","12":"purchasable","13":"product-type-simple"},"_links":{"self":[{"href":"https:\/\/vossgass.no\/en\/wp-json\/wp\/v2\/product\/18363","targetHints":{"allow":["GET"]}}],"collection":[{"href":"https:\/\/vossgass.no\/en\/wp-json\/wp\/v2\/product"}],"about":[{"href":"https:\/\/vossgass.no\/en\/wp-json\/wp\/v2\/types\/product"}],"replies":[{"embeddable":true,"href":"https:\/\/vossgass.no\/en\/wp-json\/wp\/v2\/comments?post=18363"}],"wp:featuredmedia":[{"embeddable":true,"href":"https:\/\/vossgass.no\/en\/wp-json\/wp\/v2\/media\/18364"}],"wp:attachment":[{"href":"https:\/\/vossgass.no\/en\/wp-json\/wp\/v2\/media?parent=18363"}],"wp:term":[{"taxonomy":"product_brand","embeddable":true,"href":"https:\/\/vossgass.no\/en\/wp-json\/wp\/v2\/product_brand?post=18363"},{"taxonomy":"product_cat","embeddable":true,"href":"https:\/\/vossgass.no\/en\/wp-json\/wp\/v2\/product_cat?post=18363"},{"taxonomy":"product_tag","embeddable":true,"href":"https:\/\/vossgass.no\/en\/wp-json\/wp\/v2\/product_tag?post=18363"}],"curies":[{"name":"wp","href":"https:\/\/api.w.org\/{rel}","templated":true}]}}