{"id":18327,"date":"2025-05-28T16:10:29","date_gmt":"2025-05-28T14:10:29","guid":{"rendered":"https:\/\/vossgass.no\/produkt\/anderson-batterikontakt-for-nova-kjoleskap\/"},"modified":"2026-02-19T14:48:37","modified_gmt":"2026-02-19T13:48:37","slug":"anderson-batterikontakt-for-nova-kjoleskap","status":"publish","type":"product","link":"https:\/\/vossgass.no\/en\/product\/anderson-batterikontakt-for-nova-kjoleskap\/","title":{"rendered":"Anderson Batterikontakt for Nova kj\u00f8leskap"},"content":{"rendered":"","protected":false},"excerpt":{"rendered":"<p>Batterikontakt som passer til alle v\u00e5re Nova kj\u00f8leskap 12V.<\/p>","protected":false},"featured_media":18329,"comment_status":"open","ping_status":"closed","template":"","meta":[],"product_brand":[],"product_cat":[260],"product_tag":[],"class_list":{"0":"post-18327","1":"product","2":"type-product","3":"status-publish","4":"has-post-thumbnail","6":"product_cat-hytte-camping-fritid","8":"first","9":"outofstock","10":"taxable","11":"shipping-taxable","12":"purchasable","13":"product-type-simple"},"_links":{"self":[{"href":"https:\/\/vossgass.no\/en\/wp-json\/wp\/v2\/product\/18327","targetHints":{"allow":["GET"]}}],"collection":[{"href":"https:\/\/vossgass.no\/en\/wp-json\/wp\/v2\/product"}],"about":[{"href":"https:\/\/vossgass.no\/en\/wp-json\/wp\/v2\/types\/product"}],"replies":[{"embeddable":true,"href":"https:\/\/vossgass.no\/en\/wp-json\/wp\/v2\/comments?post=18327"}],"wp:featuredmedia":[{"embeddable":true,"href":"https:\/\/vossgass.no\/en\/wp-json\/wp\/v2\/media\/18329"}],"wp:attachment":[{"href":"https:\/\/vossgass.no\/en\/wp-json\/wp\/v2\/media?parent=18327"}],"wp:term":[{"taxonomy":"product_brand","embeddable":true,"href":"https:\/\/vossgass.no\/en\/wp-json\/wp\/v2\/product_brand?post=18327"},{"taxonomy":"product_cat","embeddable":true,"href":"https:\/\/vossgass.no\/en\/wp-json\/wp\/v2\/product_cat?post=18327"},{"taxonomy":"product_tag","embeddable":true,"href":"https:\/\/vossgass.no\/en\/wp-json\/wp\/v2\/product_tag?post=18327"}],"curies":[{"name":"wp","href":"https:\/\/api.w.org\/{rel}","templated":true}]}}