{"id":18324,"date":"2025-05-27T16:18:03","date_gmt":"2025-05-27T14:18:03","guid":{"rendered":"https:\/\/vossgass.no\/produkt\/kinn-vestkyst-ipa-allgrain-ca-22-l\/"},"modified":"2026-02-19T14:49:57","modified_gmt":"2026-02-19T13:49:57","slug":"kinn-vestkyst-ipa-allgrain-ca-22-l","status":"publish","type":"product","link":"https:\/\/vossgass.no\/en\/product\/kinn-vestkyst-ipa-allgrain-ca-22-l\/","title":{"rendered":"Kinn Vestkyst IPA, allgrain ca 22 l"},"content":{"rendered":"","protected":false},"excerpt":{"rendered":"<p>Vestkyst er et kraftig humlet india\u00f8l med klassiske humler som Amarillo, Cascade, Simcoe og CTZ. Sene tilsetninger s\u00f8rger for at mest mulig digg presses ut av disse humlen. Kombinert med fruktig, engelsk gj\u00e6r og en solid maltbase blir dette et balansert \u00f8l som ikke st\u00e5r tilbake for noe. Slik skal amerikansk india\u00f8l v\u00e6re, og det er ikke overraskende Vestkyst er Norges nest mest popul\u00e6re h\u00e5ndverks\u00f8l.<\/p>","protected":false},"featured_media":18325,"comment_status":"open","ping_status":"closed","template":"","meta":[],"product_brand":[],"product_cat":[620,91,259],"product_tag":[],"class_list":{"0":"post-18324","1":"product","2":"type-product","3":"status-publish","4":"has-post-thumbnail","6":"product_cat-allgrain-sett","7":"product_cat-heimabrygg","8":"product_cat-ol-cidersett","10":"first","11":"instock","12":"taxable","13":"shipping-taxable","14":"purchasable","15":"product-type-simple"},"_links":{"self":[{"href":"https:\/\/vossgass.no\/en\/wp-json\/wp\/v2\/product\/18324","targetHints":{"allow":["GET"]}}],"collection":[{"href":"https:\/\/vossgass.no\/en\/wp-json\/wp\/v2\/product"}],"about":[{"href":"https:\/\/vossgass.no\/en\/wp-json\/wp\/v2\/types\/product"}],"replies":[{"embeddable":true,"href":"https:\/\/vossgass.no\/en\/wp-json\/wp\/v2\/comments?post=18324"}],"wp:featuredmedia":[{"embeddable":true,"href":"https:\/\/vossgass.no\/en\/wp-json\/wp\/v2\/media\/18325"}],"wp:attachment":[{"href":"https:\/\/vossgass.no\/en\/wp-json\/wp\/v2\/media?parent=18324"}],"wp:term":[{"taxonomy":"product_brand","embeddable":true,"href":"https:\/\/vossgass.no\/en\/wp-json\/wp\/v2\/product_brand?post=18324"},{"taxonomy":"product_cat","embeddable":true,"href":"https:\/\/vossgass.no\/en\/wp-json\/wp\/v2\/product_cat?post=18324"},{"taxonomy":"product_tag","embeddable":true,"href":"https:\/\/vossgass.no\/en\/wp-json\/wp\/v2\/product_tag?post=18324"}],"curies":[{"name":"wp","href":"https:\/\/api.w.org\/{rel}","templated":true}]}}