{"id":18321,"date":"2025-05-26T15:00:42","date_gmt":"2025-05-26T13:00:42","guid":{"rendered":"https:\/\/vossgass.no\/produkt\/okodo-til-utedo-5-l\/"},"modified":"2026-02-19T14:52:28","modified_gmt":"2026-02-19T13:52:28","slug":"okodo-til-utedo-5-l","status":"publish","type":"product","link":"https:\/\/vossgass.no\/en\/product\/okodo-til-utedo-5-l\/","title":{"rendered":"\u00d8KODO &#8211; TIL UTEDO 5 L"},"content":{"rendered":"","protected":false},"excerpt":{"rendered":"<p>\u00d8koDo er et kalkprodukt i pulverform som bryter ned ekskrementer i alle typer hyttedoer og plastdoer.<\/p>\n<p>\u00d8koDo er meget effektiv mot lukt- og insektsplager og inneholder ingen milj\u00f8skadelige kjemikalier eller klor. G\u00e5r tilbake til sin naturlige form, kalkstein, over tid.<\/p>\n<p>Innhold: 5 Liter.<\/p>","protected":false},"featured_media":18322,"comment_status":"open","ping_status":"closed","template":"","meta":[],"product_brand":[],"product_cat":[260],"product_tag":[],"class_list":{"0":"post-18321","1":"product","2":"type-product","3":"status-publish","4":"has-post-thumbnail","6":"product_cat-hytte-camping-fritid","8":"first","9":"instock","10":"taxable","11":"shipping-taxable","12":"purchasable","13":"product-type-simple"},"_links":{"self":[{"href":"https:\/\/vossgass.no\/en\/wp-json\/wp\/v2\/product\/18321","targetHints":{"allow":["GET"]}}],"collection":[{"href":"https:\/\/vossgass.no\/en\/wp-json\/wp\/v2\/product"}],"about":[{"href":"https:\/\/vossgass.no\/en\/wp-json\/wp\/v2\/types\/product"}],"replies":[{"embeddable":true,"href":"https:\/\/vossgass.no\/en\/wp-json\/wp\/v2\/comments?post=18321"}],"wp:featuredmedia":[{"embeddable":true,"href":"https:\/\/vossgass.no\/en\/wp-json\/wp\/v2\/media\/18322"}],"wp:attachment":[{"href":"https:\/\/vossgass.no\/en\/wp-json\/wp\/v2\/media?parent=18321"}],"wp:term":[{"taxonomy":"product_brand","embeddable":true,"href":"https:\/\/vossgass.no\/en\/wp-json\/wp\/v2\/product_brand?post=18321"},{"taxonomy":"product_cat","embeddable":true,"href":"https:\/\/vossgass.no\/en\/wp-json\/wp\/v2\/product_cat?post=18321"},{"taxonomy":"product_tag","embeddable":true,"href":"https:\/\/vossgass.no\/en\/wp-json\/wp\/v2\/product_tag?post=18321"}],"curies":[{"name":"wp","href":"https:\/\/api.w.org\/{rel}","templated":true}]}}