{"id":18318,"date":"2025-05-26T14:56:52","date_gmt":"2025-05-26T12:56:52","guid":{"rendered":"https:\/\/vossgass.no\/produkt\/okodo-til-utedo\/"},"modified":"2026-02-19T14:54:19","modified_gmt":"2026-02-19T13:54:19","slug":"okodo-til-utedo","status":"publish","type":"product","link":"https:\/\/vossgass.no\/en\/product\/okodo-til-utedo\/","title":{"rendered":"\u00d8KODO &#8211; TIL UTEDO"},"content":{"rendered":"","protected":false},"excerpt":{"rendered":"<p>\u00d8koDo er et kalkprodukt i pulverform som bryter ned ekskrementer i alle typer hyttedoer og plastdoer.<\/p>\n<p>\u00d8koDo er meget effektiv mot lukt- og insektsplager og inneholder ingen milj\u00f8skadelige kjemikalier eller klor. G\u00e5r tilbake til sin naturlige form, kalkstein, over tid.<\/p>\n<p>Innhold: 1 liter<\/p>","protected":false},"featured_media":18320,"comment_status":"open","ping_status":"closed","template":"","meta":[],"product_brand":[],"product_cat":[260],"product_tag":[],"class_list":{"0":"post-18318","1":"product","2":"type-product","3":"status-publish","4":"has-post-thumbnail","6":"product_cat-hytte-camping-fritid","8":"first","9":"instock","10":"taxable","11":"shipping-taxable","12":"purchasable","13":"product-type-simple"},"_links":{"self":[{"href":"https:\/\/vossgass.no\/en\/wp-json\/wp\/v2\/product\/18318","targetHints":{"allow":["GET"]}}],"collection":[{"href":"https:\/\/vossgass.no\/en\/wp-json\/wp\/v2\/product"}],"about":[{"href":"https:\/\/vossgass.no\/en\/wp-json\/wp\/v2\/types\/product"}],"replies":[{"embeddable":true,"href":"https:\/\/vossgass.no\/en\/wp-json\/wp\/v2\/comments?post=18318"}],"wp:featuredmedia":[{"embeddable":true,"href":"https:\/\/vossgass.no\/en\/wp-json\/wp\/v2\/media\/18320"}],"wp:attachment":[{"href":"https:\/\/vossgass.no\/en\/wp-json\/wp\/v2\/media?parent=18318"}],"wp:term":[{"taxonomy":"product_brand","embeddable":true,"href":"https:\/\/vossgass.no\/en\/wp-json\/wp\/v2\/product_brand?post=18318"},{"taxonomy":"product_cat","embeddable":true,"href":"https:\/\/vossgass.no\/en\/wp-json\/wp\/v2\/product_cat?post=18318"},{"taxonomy":"product_tag","embeddable":true,"href":"https:\/\/vossgass.no\/en\/wp-json\/wp\/v2\/product_tag?post=18318"}],"curies":[{"name":"wp","href":"https:\/\/api.w.org\/{rel}","templated":true}]}}