{"id":18314,"date":"2025-05-26T14:51:38","date_gmt":"2025-05-26T12:51:38","guid":{"rendered":"https:\/\/vossgass.no\/produkt\/top-lock-forhindrer-uttorring-av-vannlas\/"},"modified":"2026-02-19T14:56:16","modified_gmt":"2026-02-19T13:56:16","slug":"top-lock-forhindrer-uttorring-av-vannlas","status":"publish","type":"product","link":"https:\/\/vossgass.no\/en\/product\/top-lock-forhindrer-uttorring-av-vannlas\/","title":{"rendered":"TOP LOCK 500 ml &#8211; Forhindrer utt\u00f8rring av vannl\u00e5s"},"content":{"rendered":"","protected":false},"excerpt":{"rendered":"<p>Stopper kloakklukt fra sluk og vannl\u00e5s som t\u00f8rker ut. Top Lock t\u00f8rker ikke, men legger seg som et lokk over vannet og forhindrer utt\u00f8rring.Inneholder ingen farlige kjemikalier og er biologisk nedbrytbar.<\/p>\n<p>Top Lock stivner ikke ved lave temperaturer. Tilsettes med 1\/4 liter til 1\/2 liter avhengig av vannl\u00e5sens st\u00f8rrelse.<\/p>\n<p>Innhold: 500 ml<\/p>","protected":false},"featured_media":18317,"comment_status":"open","ping_status":"closed","template":"","meta":[],"product_brand":[],"product_cat":[260],"product_tag":[],"class_list":{"0":"post-18314","1":"product","2":"type-product","3":"status-publish","4":"has-post-thumbnail","6":"product_cat-hytte-camping-fritid","8":"first","9":"instock","10":"taxable","11":"shipping-taxable","12":"purchasable","13":"product-type-simple"},"_links":{"self":[{"href":"https:\/\/vossgass.no\/en\/wp-json\/wp\/v2\/product\/18314","targetHints":{"allow":["GET"]}}],"collection":[{"href":"https:\/\/vossgass.no\/en\/wp-json\/wp\/v2\/product"}],"about":[{"href":"https:\/\/vossgass.no\/en\/wp-json\/wp\/v2\/types\/product"}],"replies":[{"embeddable":true,"href":"https:\/\/vossgass.no\/en\/wp-json\/wp\/v2\/comments?post=18314"}],"wp:featuredmedia":[{"embeddable":true,"href":"https:\/\/vossgass.no\/en\/wp-json\/wp\/v2\/media\/18317"}],"wp:attachment":[{"href":"https:\/\/vossgass.no\/en\/wp-json\/wp\/v2\/media?parent=18314"}],"wp:term":[{"taxonomy":"product_brand","embeddable":true,"href":"https:\/\/vossgass.no\/en\/wp-json\/wp\/v2\/product_brand?post=18314"},{"taxonomy":"product_cat","embeddable":true,"href":"https:\/\/vossgass.no\/en\/wp-json\/wp\/v2\/product_cat?post=18314"},{"taxonomy":"product_tag","embeddable":true,"href":"https:\/\/vossgass.no\/en\/wp-json\/wp\/v2\/product_tag?post=18314"}],"curies":[{"name":"wp","href":"https:\/\/api.w.org\/{rel}","templated":true}]}}