{"id":18311,"date":"2025-05-26T14:48:03","date_gmt":"2025-05-26T12:48:03","guid":{"rendered":"https:\/\/vossgass.no\/produkt\/frostsikker-forhindrer-frostskader-i-vannlas-og-ror\/"},"modified":"2026-02-25T13:42:52","modified_gmt":"2026-02-25T12:42:52","slug":"frostsikker-forhindrer-frostskader-i-vannlas-og-ror","status":"publish","type":"product","link":"https:\/\/vossgass.no\/en\/product\/frostsikker-forhindrer-frostskader-i-vannlas-og-ror\/","title":{"rendered":"FROSTSIKKER -40\u00baC- Forhindrer frostskader i vannl\u00e5s og r\u00f8r"},"content":{"rendered":"","protected":false},"excerpt":{"rendered":"<p>Forhindrer frostskader i vannl\u00e5s i toaletter, dusj, vasker og gulvsluk i hus, hytter og b\u00e5ter som utsettes for temperaturer under frysepunktet.<\/p>\n<p>Dosering:<\/p>\n<p>Vannl\u00e5s p\u00e5 vasker: 3dl<\/p>\n<p>Gulvsluker: 5dl<\/p>\n<p>Vannl\u00e5s i toalett: 7dl<\/p>\n<p>Frysepunkt -40\u00baC<\/p>\n<p>Datablad: https:\/\/norenco.no\/datablad-\/-logo-\/-produktbilder\/datablad-<\/p>","protected":false},"featured_media":18313,"comment_status":"open","ping_status":"closed","template":"","meta":[],"product_brand":[],"product_cat":[630,260],"product_tag":[],"class_list":{"0":"post-18311","1":"product","2":"type-product","3":"status-publish","4":"has-post-thumbnail","6":"product_cat-camping-bobilutsyr","7":"product_cat-hytte-camping-fritid","9":"first","10":"instock","11":"featured","12":"taxable","13":"shipping-taxable","14":"purchasable","15":"product-type-simple"},"_links":{"self":[{"href":"https:\/\/vossgass.no\/en\/wp-json\/wp\/v2\/product\/18311","targetHints":{"allow":["GET"]}}],"collection":[{"href":"https:\/\/vossgass.no\/en\/wp-json\/wp\/v2\/product"}],"about":[{"href":"https:\/\/vossgass.no\/en\/wp-json\/wp\/v2\/types\/product"}],"replies":[{"embeddable":true,"href":"https:\/\/vossgass.no\/en\/wp-json\/wp\/v2\/comments?post=18311"}],"wp:featuredmedia":[{"embeddable":true,"href":"https:\/\/vossgass.no\/en\/wp-json\/wp\/v2\/media\/18313"}],"wp:attachment":[{"href":"https:\/\/vossgass.no\/en\/wp-json\/wp\/v2\/media?parent=18311"}],"wp:term":[{"taxonomy":"product_brand","embeddable":true,"href":"https:\/\/vossgass.no\/en\/wp-json\/wp\/v2\/product_brand?post=18311"},{"taxonomy":"product_cat","embeddable":true,"href":"https:\/\/vossgass.no\/en\/wp-json\/wp\/v2\/product_cat?post=18311"},{"taxonomy":"product_tag","embeddable":true,"href":"https:\/\/vossgass.no\/en\/wp-json\/wp\/v2\/product_tag?post=18311"}],"curies":[{"name":"wp","href":"https:\/\/api.w.org\/{rel}","templated":true}]}}