{"id":18308,"date":"2025-05-26T14:45:46","date_gmt":"2025-05-26T12:45:46","guid":{"rendered":"https:\/\/vossgass.no\/produkt\/mudin-avlopsapner-600-ml\/"},"modified":"2026-02-19T14:58:59","modified_gmt":"2026-02-19T13:58:59","slug":"mudin-avlopsapner-600-ml","status":"publish","type":"product","link":"https:\/\/vossgass.no\/en\/product\/mudin-avlopsapner-600-ml\/","title":{"rendered":"MUDIN AVL\u00d8PS\u00c5PNER, 600 ml"},"content":{"rendered":"","protected":false},"excerpt":{"rendered":"<p>MUDIN er en meget effektiv avl\u00f8ps\u00e5pner som alltid \u00e5pner opp tett avl\u00f8p.<\/p>\n<p>Den har en egenvekt p\u00e5 hele 1,6 kg pr. liter som gj\u00f8r at den enkelt trenger igjennom vann og l\u00f8ser opp der det er tett.<\/p>\n<p>L\u00f8ser opp fett, h\u00e5r, slam, matrester, s\u00e5perester, m.m. Dreper illeluktende bakterier og fjerner vond lukt. Sm\u00f8rer r\u00f8rene og forhindrer rask tetting. <\/p>\n<p>Kan brukes i alle typer r\u00f8r. Sk\u00e5nsom mot plast, betong, st\u00e5lr\u00f8r, loddinger, rustfritt st\u00e5l, gummi og porselen (kan brukes i toaletter). <\/p>\n<p>MUDIN har en unik resept, og skal derfor ikke blandes med andre avl\u00f8ps\u00e5pnere. Avl\u00f8ps\u00e5pnere er etsende og skal brukes med forsiktighet. MUDIN er tilsatt farge for din sikkerhet, s\u00e5 den ikke forveksles med vann. pH 14.<br \/>\nInnhold: 600 ml<\/p>","protected":false},"featured_media":18310,"comment_status":"open","ping_status":"closed","template":"","meta":[],"product_brand":[],"product_cat":[260],"product_tag":[],"class_list":{"0":"post-18308","1":"product","2":"type-product","3":"status-publish","4":"has-post-thumbnail","6":"product_cat-hytte-camping-fritid","8":"first","9":"instock","10":"taxable","11":"shipping-taxable","12":"purchasable","13":"product-type-simple"},"_links":{"self":[{"href":"https:\/\/vossgass.no\/en\/wp-json\/wp\/v2\/product\/18308","targetHints":{"allow":["GET"]}}],"collection":[{"href":"https:\/\/vossgass.no\/en\/wp-json\/wp\/v2\/product"}],"about":[{"href":"https:\/\/vossgass.no\/en\/wp-json\/wp\/v2\/types\/product"}],"replies":[{"embeddable":true,"href":"https:\/\/vossgass.no\/en\/wp-json\/wp\/v2\/comments?post=18308"}],"wp:featuredmedia":[{"embeddable":true,"href":"https:\/\/vossgass.no\/en\/wp-json\/wp\/v2\/media\/18310"}],"wp:attachment":[{"href":"https:\/\/vossgass.no\/en\/wp-json\/wp\/v2\/media?parent=18308"}],"wp:term":[{"taxonomy":"product_brand","embeddable":true,"href":"https:\/\/vossgass.no\/en\/wp-json\/wp\/v2\/product_brand?post=18308"},{"taxonomy":"product_cat","embeddable":true,"href":"https:\/\/vossgass.no\/en\/wp-json\/wp\/v2\/product_cat?post=18308"},{"taxonomy":"product_tag","embeddable":true,"href":"https:\/\/vossgass.no\/en\/wp-json\/wp\/v2\/product_tag?post=18308"}],"curies":[{"name":"wp","href":"https:\/\/api.w.org\/{rel}","templated":true}]}}