{"id":18306,"date":"2025-05-26T14:41:39","date_gmt":"2025-05-26T12:41:39","guid":{"rendered":"https:\/\/vossgass.no\/produkt\/caravan-vask-rengjoringsmiddel-for-campingvogner-og-bobiler\/"},"modified":"2026-03-05T10:43:22","modified_gmt":"2026-03-05T09:43:22","slug":"caravan-vask-rengjoringsmiddel-for-campingvogner-og-bobiler","status":"publish","type":"product","link":"https:\/\/vossgass.no\/en\/product\/caravan-vask-rengjoringsmiddel-for-campingvogner-og-bobiler\/","title":{"rendered":"CARAVAN VASK &#8211; Rengj\u00f8ringsmiddel for campingvogner og bobiler"},"content":{"rendered":"","protected":false},"excerpt":{"rendered":"<p>Meget effektiv caravanvask som rengj\u00f8r uten bruk av svamp. Du unng\u00e5r dermed riper og slitasje ved \u00e5 bruke Caravan Vask fra Norenco.<br \/>\nFjerner lett vannstriper som har sittet lenge. Sk\u00e5nsom mot plexiglass. T\u00f8rrer ikke ut coating. Effektiv mot trafikkfilm, insekter, olje, fett, diesel \u2013 og bensins\u00f8l, bremsest\u00f8v, etc.<\/p>\n<p>BRUKSOMR\u00c5DE\/BRUKSANVISNING:<\/p>\n<p>Kan brukes overalt p\u00e5 campingvogn og bobil. Konsentratet blandes med 20 deler vann.<br \/>\nFor rengj\u00f8ring av felger og motorvask bland med 5-10 deler vann.<br \/>\nP\u00e5f\u00f8r, la virke i 2-3 minutter og spyl av med vann til det slutter \u00e5 skumme.<\/p>","protected":false},"featured_media":18307,"comment_status":"open","ping_status":"closed","template":"","meta":[],"product_brand":[],"product_cat":[260],"product_tag":[],"class_list":{"0":"post-18306","1":"product","2":"type-product","3":"status-publish","4":"has-post-thumbnail","6":"product_cat-hytte-camping-fritid","8":"first","9":"instock","10":"taxable","11":"shipping-taxable","12":"purchasable","13":"product-type-simple"},"_links":{"self":[{"href":"https:\/\/vossgass.no\/en\/wp-json\/wp\/v2\/product\/18306","targetHints":{"allow":["GET"]}}],"collection":[{"href":"https:\/\/vossgass.no\/en\/wp-json\/wp\/v2\/product"}],"about":[{"href":"https:\/\/vossgass.no\/en\/wp-json\/wp\/v2\/types\/product"}],"replies":[{"embeddable":true,"href":"https:\/\/vossgass.no\/en\/wp-json\/wp\/v2\/comments?post=18306"}],"wp:featuredmedia":[{"embeddable":true,"href":"https:\/\/vossgass.no\/en\/wp-json\/wp\/v2\/media\/18307"}],"wp:attachment":[{"href":"https:\/\/vossgass.no\/en\/wp-json\/wp\/v2\/media?parent=18306"}],"wp:term":[{"taxonomy":"product_brand","embeddable":true,"href":"https:\/\/vossgass.no\/en\/wp-json\/wp\/v2\/product_brand?post=18306"},{"taxonomy":"product_cat","embeddable":true,"href":"https:\/\/vossgass.no\/en\/wp-json\/wp\/v2\/product_cat?post=18306"},{"taxonomy":"product_tag","embeddable":true,"href":"https:\/\/vossgass.no\/en\/wp-json\/wp\/v2\/product_tag?post=18306"}],"curies":[{"name":"wp","href":"https:\/\/api.w.org\/{rel}","templated":true}]}}