{"id":18304,"date":"2025-05-26T14:35:14","date_gmt":"2025-05-26T12:35:14","guid":{"rendered":"https:\/\/vossgass.no\/produkt\/all-in-1-universal-sanitaer-universal-sanitaer-2\/"},"modified":"2026-02-19T15:03:00","modified_gmt":"2026-02-19T14:03:00","slug":"all-in-1-universal-sanitaer-universal-sanitaer-2","status":"publish","type":"product","link":"https:\/\/vossgass.no\/en\/product\/all-in-1-universal-sanitaer-universal-sanitaer-2\/","title":{"rendered":"ALL IN 1 UNIVERSAL SANIT\u00c6R &#8211; UNIVERSAL SANIT\u00c6R"},"content":{"rendered":"","protected":false},"excerpt":{"rendered":"<p>Sterkt desinfiserende og god rengj\u00f8ring. <\/p>\n<p>Brukes overalt i og utenp\u00e5 campingvognen\/bobilen. All in 1 gj\u00f8r bedre plass til andre artikler i bobilen \u2013 du trenger bare All In 1 til septiktank, avfallstank, kj\u00f8leskap, toalett, vask av dusj, bord, gulv og utvendig rengj\u00f8ring.<\/p>\n<p>BRUKSOMR\u00c5DE\/BRUKSANVISNING:<\/p>\n<p>Fjerner lukt i toalett<br \/>\nTank 1-2 dl ved 10-liters tank. Dosering varierer avhengig av temperatur. Sommer 2 dl, vinter 1 dl. N\u00e5r tanken er tom, start med 1-2 dl All In 1. Vann skal ikke tilsettes i toalett-tanken f\u00f8r bruk.<\/p>\n<p>Konserverer spillvannet.<\/p>\n<p>Fjerner lukt. Tilsett 1 dl i avl\u00f8pet som f\u00f8rer til spillvannstanken, vanligst p\u00e5 bobil. Spillvannstanken inneholder sv\u00e6rt mye bakterier og lukten kommer ofte inn i bilen n\u00e5r vinduene er \u00e5pne. All In 1 holder de innvendige vegger i tanken ren og fri for fett.<\/p>\n<p>Rengj\u00f8ringsmiddel<\/p>\n<p>Blandes 1:50 deler van. F.eks. 1 spiseskje p\u00e5 \u00bd liters sprayflaske. Spray p\u00e5 kj\u00f8kkenbenk, bord, WC og ellers alt som kan rengj\u00f8res ved \u00e5 spraye p\u00e5 og t\u00f8rke av.<br \/>\nRengj\u00f8r felger Blandes ut 1:10 deler vann. Spray p\u00e5 felgene og spyl av med vann. Fjerner gr\u00f8nnalger som fester seg p\u00e5 campingvognen eller bobilens tak. Spray over taket der det er gr\u00f8nnalger, og la det t\u00f8rke. Blandingsforhold 1:10. Svartsoppen og gr\u00f8nnalgene vil g\u00e5 bort etter noen dager.<\/p>\n<p>Bruk biocider forsvarlig. Les alltid etiketten og produktinformasjonen f\u00f8r bruk.<\/p>","protected":false},"featured_media":18305,"comment_status":"open","ping_status":"closed","template":"","meta":[],"product_brand":[],"product_cat":[260],"product_tag":[],"class_list":{"0":"post-18304","1":"product","2":"type-product","3":"status-publish","4":"has-post-thumbnail","6":"product_cat-hytte-camping-fritid","8":"first","9":"instock","10":"taxable","11":"shipping-taxable","12":"purchasable","13":"product-type-simple"},"_links":{"self":[{"href":"https:\/\/vossgass.no\/en\/wp-json\/wp\/v2\/product\/18304","targetHints":{"allow":["GET"]}}],"collection":[{"href":"https:\/\/vossgass.no\/en\/wp-json\/wp\/v2\/product"}],"about":[{"href":"https:\/\/vossgass.no\/en\/wp-json\/wp\/v2\/types\/product"}],"replies":[{"embeddable":true,"href":"https:\/\/vossgass.no\/en\/wp-json\/wp\/v2\/comments?post=18304"}],"wp:featuredmedia":[{"embeddable":true,"href":"https:\/\/vossgass.no\/en\/wp-json\/wp\/v2\/media\/18305"}],"wp:attachment":[{"href":"https:\/\/vossgass.no\/en\/wp-json\/wp\/v2\/media?parent=18304"}],"wp:term":[{"taxonomy":"product_brand","embeddable":true,"href":"https:\/\/vossgass.no\/en\/wp-json\/wp\/v2\/product_brand?post=18304"},{"taxonomy":"product_cat","embeddable":true,"href":"https:\/\/vossgass.no\/en\/wp-json\/wp\/v2\/product_cat?post=18304"},{"taxonomy":"product_tag","embeddable":true,"href":"https:\/\/vossgass.no\/en\/wp-json\/wp\/v2\/product_tag?post=18304"}],"curies":[{"name":"wp","href":"https:\/\/api.w.org\/{rel}","templated":true}]}}