{"id":18285,"date":"2025-05-21T02:05:17","date_gmt":"2025-05-21T00:05:17","guid":{"rendered":"https:\/\/vossgass.no\/produkt\/enders-vannkanne-20l\/"},"modified":"2026-02-19T15:06:04","modified_gmt":"2026-02-19T14:06:04","slug":"enders-vannkanne-20l","status":"publish","type":"product","link":"https:\/\/vossgass.no\/en\/product\/enders-vannkanne-20l\/","title":{"rendered":"Enders Vannkanne 20l"},"content":{"rendered":"","protected":false},"excerpt":{"rendered":"<p>Denne 20-liters vannbeholderen fra Enders er designet for praktisk og sikker vannlagring. Hygienisk oppbevaring: Utl\u00f8psr\u00f8ret oppbevares inni beholderen n\u00e5r det ikke er i bruk, noe som beskytter det mot forurensning og hindrer tap. Matvaregodkjent: Laget av materialer som er trygge for oppbevaring av drikkevann.<\/p>\n<p>Enders 20-liters vannbeholder: Praktisk og hygienisk vannlagring<\/p>\n<p>Denne 20-liters vannbeholderen fra Enders er designet for praktisk og sikker vannlagring, og er ideell for camping, utend\u00f8rsarrangementer og andre situasjoner der tilgang til rent vann er n\u00f8dvendig. Beholderen er utstyrt med en rekke funksjoner som sikrer b\u00e5de brukervennlighet og hygiene.<\/p>\n<p>Viktige funksjoner:<\/p>\n<p>Stor kapasitet: Romslige 20 liter, som gir tilstrekkelig vann for ulike behov.<br \/>\nTappeventil og utl\u00f8psr\u00f8r: Lett \u00e5 tappe vann, og utl\u00f8psr\u00f8ret gj\u00f8r det enkelt \u00e5 fylle beholdere eller koble til slanger.<br \/>\nIntegrert ventilasjon: Innebygd ventilasjon i tappeventilen og utl\u00f8psr\u00f8ret sikrer jevn vannstr\u00f8m og forhindrer trykkoppbygging.<br \/>\nHygienisk oppbevaring: Utl\u00f8psr\u00f8ret oppbevares inni beholderen n\u00e5r det ikke er i bruk, noe som beskytter det mot forurensning og hindrer tap.<br \/>\nMatvaregodkjent: Laget av materialer som er trygge for oppbevaring av drikkevann.<br \/>\nTekniske spesifikasjoner:<\/p>\n<p>Tilgjengelighet: Lagerf\u00f8rt<br \/>\nVolum: 20 liter<br \/>\nInkludert utl\u00f8psr\u00f8r: Ja<br \/>\nMatvaregodkjent: Ja<br \/>\nDimensjoner: Bredde 39 cm, Dybde 19 cm, H\u00f8yde 50,5 cm<br \/>\nVekt: 1,0 kg<\/p>","protected":false},"featured_media":18287,"comment_status":"open","ping_status":"closed","template":"","meta":[],"product_brand":[],"product_cat":[260,292],"product_tag":[],"class_list":{"0":"post-18285","1":"product","2":"type-product","3":"status-publish","4":"has-post-thumbnail","6":"product_cat-hytte-camping-fritid","7":"product_cat-kjokken-gass","9":"first","10":"outofstock","11":"taxable","12":"shipping-taxable","13":"purchasable","14":"product-type-simple"},"_links":{"self":[{"href":"https:\/\/vossgass.no\/en\/wp-json\/wp\/v2\/product\/18285","targetHints":{"allow":["GET"]}}],"collection":[{"href":"https:\/\/vossgass.no\/en\/wp-json\/wp\/v2\/product"}],"about":[{"href":"https:\/\/vossgass.no\/en\/wp-json\/wp\/v2\/types\/product"}],"replies":[{"embeddable":true,"href":"https:\/\/vossgass.no\/en\/wp-json\/wp\/v2\/comments?post=18285"}],"wp:featuredmedia":[{"embeddable":true,"href":"https:\/\/vossgass.no\/en\/wp-json\/wp\/v2\/media\/18287"}],"wp:attachment":[{"href":"https:\/\/vossgass.no\/en\/wp-json\/wp\/v2\/media?parent=18285"}],"wp:term":[{"taxonomy":"product_brand","embeddable":true,"href":"https:\/\/vossgass.no\/en\/wp-json\/wp\/v2\/product_brand?post=18285"},{"taxonomy":"product_cat","embeddable":true,"href":"https:\/\/vossgass.no\/en\/wp-json\/wp\/v2\/product_cat?post=18285"},{"taxonomy":"product_tag","embeddable":true,"href":"https:\/\/vossgass.no\/en\/wp-json\/wp\/v2\/product_tag?post=18285"}],"curies":[{"name":"wp","href":"https:\/\/api.w.org\/{rel}","templated":true}]}}