{"id":18280,"date":"2025-05-21T01:44:26","date_gmt":"2025-05-20T23:44:26","guid":{"rendered":"https:\/\/vossgass.no\/produkt\/luvo-led-camping-lys\/"},"modified":"2026-02-19T15:07:00","modified_gmt":"2026-02-19T14:07:00","slug":"luvo-led-camping-lys","status":"publish","type":"product","link":"https:\/\/vossgass.no\/en\/product\/luvo-led-camping-lys\/","title":{"rendered":"Luvo Led Camping Lys"},"content":{"rendered":"","protected":false},"excerpt":{"rendered":"<p>LUVO er din trofaste f\u00f8lgesvenn for uforglemmelige \u00f8yeblikk p\u00e5 farten. Med tre allsidige lysmoduser \u2013 varm hvit for koselige kvelder, kj\u00f8lig hvit for klart lys og RGB for kreative fargeaksenter \u2013 skaper den den perfekte stemningen uansett hvor du er.<\/p>\n<p>Enders Luvo<br \/>\nLys til ethvert eventyr<br \/>\nEnders Luvo er din trofaste f\u00f8lgesvenn for uforglemmelige \u00f8yeblikk p\u00e5 farten. Med tre allsidige lysmoduser \u2013 varm hvit for koselige kvelder, kald hvit for klart lys og RGB for kreative fargeeffekter \u2013 skaper den den perfekte stemningen uansett hvor du er. Juster lysstyrken etter behov, og nyt maksimal fleksibilitet takket v\u00e6re det innebygde oppladbare batteriet og USB-C-ladekabelen. Enten du er under stjernehimmelen eller i bobilen, kombinerer Luvo funksjonalitet med stil og gj\u00f8r hvert eventyr litt lysere.<\/p>\n<p>Egenskaper:<\/p>\n<p>Varm hvit, kald hvit, RGB<\/p>\n<p>Opptil 100 lm lysstyrke, dimbar<\/p>\n<p>Opptil 40 timers batteritid<\/p>\n<p>Oppladbart litium-ion-batteri med USB-C-lading<\/p>\n<p>Tekniske spesifikasjoner:<\/p>\n<p>LED: Ja<\/p>\n<p>Dimensjoner: H 22 cm, \u00d8 7,5 cm<\/p>\n<p>Vekt: 200 g<\/p>","protected":false},"featured_media":18282,"comment_status":"open","ping_status":"closed","template":"","meta":[],"product_brand":[],"product_cat":[260,516],"product_tag":[],"class_list":{"0":"post-18280","1":"product","2":"type-product","3":"status-publish","4":"has-post-thumbnail","6":"product_cat-hytte-camping-fritid","7":"product_cat-solenergi-12-v-m-m-hytte-camping-fritid-2","9":"first","10":"instock","11":"taxable","12":"shipping-taxable","13":"purchasable","14":"product-type-simple"},"_links":{"self":[{"href":"https:\/\/vossgass.no\/en\/wp-json\/wp\/v2\/product\/18280","targetHints":{"allow":["GET"]}}],"collection":[{"href":"https:\/\/vossgass.no\/en\/wp-json\/wp\/v2\/product"}],"about":[{"href":"https:\/\/vossgass.no\/en\/wp-json\/wp\/v2\/types\/product"}],"replies":[{"embeddable":true,"href":"https:\/\/vossgass.no\/en\/wp-json\/wp\/v2\/comments?post=18280"}],"wp:featuredmedia":[{"embeddable":true,"href":"https:\/\/vossgass.no\/en\/wp-json\/wp\/v2\/media\/18282"}],"wp:attachment":[{"href":"https:\/\/vossgass.no\/en\/wp-json\/wp\/v2\/media?parent=18280"}],"wp:term":[{"taxonomy":"product_brand","embeddable":true,"href":"https:\/\/vossgass.no\/en\/wp-json\/wp\/v2\/product_brand?post=18280"},{"taxonomy":"product_cat","embeddable":true,"href":"https:\/\/vossgass.no\/en\/wp-json\/wp\/v2\/product_cat?post=18280"},{"taxonomy":"product_tag","embeddable":true,"href":"https:\/\/vossgass.no\/en\/wp-json\/wp\/v2\/product_tag?post=18280"}],"curies":[{"name":"wp","href":"https:\/\/api.w.org\/{rel}","templated":true}]}}