{"id":18270,"date":"2025-05-21T01:30:33","date_gmt":"2025-05-20T23:30:33","guid":{"rendered":"https:\/\/vossgass.no\/produkt\/enders-amaro-plancha-gassgrill\/"},"modified":"2026-02-19T15:08:13","modified_gmt":"2026-02-19T14:08:13","slug":"enders-amaro-plancha-gassgrill","status":"publish","type":"product","link":"https:\/\/vossgass.no\/en\/product\/enders-amaro-plancha-gassgrill\/","title":{"rendered":"Enders Amaro plancha gassgrill."},"content":{"rendered":"","protected":false},"excerpt":{"rendered":"<p>Med Enders AMARO\u2122 plancha-grillen kan du oppleve kunsten \u00e5 grille p\u00e5 en helt ny m\u00e5te \u2013 ikke p\u00e5 et vanlig grillrist, men p\u00e5 en stor plancha i rustfritt st\u00e5l! De tre trinnl\u00f8st justerbare P-formede brennerne i rustfritt st\u00e5l overf\u00f8rer varme direkte til planchaen over et stort omr\u00e5de, slik at den raskt n\u00e5r \u00f8nsket temperatur \u2013 for ekte smaksrike m\u00e5ltider!<\/p>\n<p>Enders AMARO\u2122<br \/>\nDet avtakbare lokket beskytter ikke bare planchaen mot vind og v\u00e6r mellom grill\u00f8ktene, men kan ogs\u00e5 fjernes enkelt uten verkt\u00f8y \u2013 med en stilig, matt finish! De sammenleggbare sidebordene og de praktiske krokene, hvor du kan henge kurver til krydder eller grillutstyr, gir deg alt du trenger innen rekkevidde. I tillegg gir det romslige oppbevaringsrommet foran ekstra plass til store flasker eller favorittsausene dine. Enders AMARO\u2122 feirer en ny m\u00e5te \u00e5 grille p\u00e5 med praktiske funksjoner \u2013 for dem som \u00f8nsker enda mer.<\/p>\n<p>STOR GRILLFLATE<br \/>\nMed en overflate p\u00e5 3140 cm\u00b2 er planchaen i rustfritt st\u00e5l perfekt for \u00e5 tilberede flere retter samtidig.<\/p>\n<p>SIDEH\u00c5NDTAK P\u00c5 PLANCHAEN<br \/>\nGj\u00f8r det enkelt \u00e5 h\u00e5ndtere, rengj\u00f8re og sette inn planchaen i grillen.<\/p>\n<p>TRINNL\u00d8ST JUSTERBARE P-FORMEDE BRENNERE 3 x 3,2 kW<br \/>\nDen unike formen gj\u00f8r at varmen fordeles jevnt ut over grillflaten.<\/p>\n<p>2 OPPBEVARINGSKURVER<br \/>\nLett avtakbare oppbevaringskurver for krydder eller grillredskaper \u2013 helt uten verkt\u00f8y.<\/p>\n<p>Kort fortalt:<br \/>\n3 P-formede brennere for jevn varmefordeling<br \/>\nAvtakbar fettoppsamlingsskuff for enkel rengj\u00f8ring<br \/>\nPlancha i kraftig rustfritt st\u00e5l med sideh\u00e5ndtak for enkel h\u00e5ndtering<\/p>\n<p>Sikkerhet:<br \/>\n11 kg gassflaske kan trygt oppbevares i bunnen av enheten under bruk<br \/>\nBatterifri piezo-tenning i kontrollknappen gir trygg og p\u00e5litelig opptenning<\/p>\n<p>Materialer:<br \/>\nRobust plancha i h\u00f8ykvalitets rustfritt 304 st\u00e5l<br \/>\nPulverlakkert st\u00e5llokk beskytter planchaen mot v\u00e6r og vind<\/p>\n<p>AMARO\u2122 tar grilling til et nytt niv\u00e5 \u2013 for ekte grillentusiaster!<\/p>\n<p>https:\/\/youtu.be\/ePNGO5RgfbI<\/p>","protected":false},"featured_media":18278,"comment_status":"open","ping_status":"closed","template":"","meta":[],"product_brand":[],"product_cat":[260,292],"product_tag":[],"class_list":{"0":"post-18270","1":"product","2":"type-product","3":"status-publish","4":"has-post-thumbnail","6":"product_cat-hytte-camping-fritid","7":"product_cat-kjokken-gass","8":"product_shipping_class-kan-ikke-sendes","10":"first","11":"instock","12":"taxable","13":"shipping-taxable","14":"purchasable","15":"product-type-simple"},"_links":{"self":[{"href":"https:\/\/vossgass.no\/en\/wp-json\/wp\/v2\/product\/18270","targetHints":{"allow":["GET"]}}],"collection":[{"href":"https:\/\/vossgass.no\/en\/wp-json\/wp\/v2\/product"}],"about":[{"href":"https:\/\/vossgass.no\/en\/wp-json\/wp\/v2\/types\/product"}],"replies":[{"embeddable":true,"href":"https:\/\/vossgass.no\/en\/wp-json\/wp\/v2\/comments?post=18270"}],"wp:featuredmedia":[{"embeddable":true,"href":"https:\/\/vossgass.no\/en\/wp-json\/wp\/v2\/media\/18278"}],"wp:attachment":[{"href":"https:\/\/vossgass.no\/en\/wp-json\/wp\/v2\/media?parent=18270"}],"wp:term":[{"taxonomy":"product_brand","embeddable":true,"href":"https:\/\/vossgass.no\/en\/wp-json\/wp\/v2\/product_brand?post=18270"},{"taxonomy":"product_cat","embeddable":true,"href":"https:\/\/vossgass.no\/en\/wp-json\/wp\/v2\/product_cat?post=18270"},{"taxonomy":"product_tag","embeddable":true,"href":"https:\/\/vossgass.no\/en\/wp-json\/wp\/v2\/product_tag?post=18270"}],"curies":[{"name":"wp","href":"https:\/\/api.w.org\/{rel}","templated":true}]}}