{"id":18267,"date":"2025-05-21T01:22:21","date_gmt":"2025-05-20T23:22:21","guid":{"rendered":"https:\/\/vossgass.no\/produkt\/enders-paco-pizzaovn-trekk\/"},"modified":"2026-02-19T15:09:23","modified_gmt":"2026-02-19T14:09:23","slug":"enders-paco-pizzaovn-trekk","status":"publish","type":"product","link":"https:\/\/vossgass.no\/en\/product\/enders-paco-pizzaovn-trekk\/","title":{"rendered":"Enders Paco pizzaovn Trekk"},"content":{"rendered":"","protected":false},"excerpt":{"rendered":"<p>Praktisk trekk til din Paco pizzaovn. Praktisk b\u00e6reh\u00e5ndtak som gj\u00f8r det enkelt \u00e5 flytte eller ta med pizzaovnen.<\/p>\n<p>For Enders Paco\u00ae Rotate Pizzaovn<\/p>\n<p>Premium v\u00e6rbeskyttelsestrekk<\/p>\n<p>Laget av UV-bestandig premium polyester for langvarig fargeektehet og slitestyrke<br \/>\nVanntett og luktfritt utend\u00f8rsmateriale<br \/>\nPustende membran som forhindrer kondens<br \/>\nPraktisk b\u00e6reh\u00e5ndtak for enkel transport<br \/>\nLa det regne, storme eller sn\u00f8 \u2014 det spiller ingen rolle! Grillen din er i trygge hender med v\u00e5rt PREMIUM v\u00e6rbeskyttelsestrekk. Det beskytter din trofaste grillvenn mot all slags v\u00e6r: kraftig regn, stekende sol, sn\u00f8stormer eller st\u00f8v.<\/p>\n<p>Det lette stoffet er laget av en spesiell UV-bestandig fiber som b\u00e5de er sv\u00e6rt slitesterk og holder fargen godt. Den smarte PU-belegget s\u00f8rger for at trekket er vanntett p\u00e5 utsiden og pustende p\u00e5 innsiden \u2014 slik unng\u00e5r du at kondens bygger seg opp.<\/p>\n<p>Med disse sterke egenskapene og enkel bruk, er det alltid en god id\u00e9 \u00e5 raskt dra p\u00e5 v\u00e5rt PREMIUM-trekk &#8211; det fortjener til og med en liten applaus!<\/p>","protected":false},"featured_media":18268,"comment_status":"open","ping_status":"closed","template":"","meta":[],"product_brand":[],"product_cat":[260,292],"product_tag":[],"class_list":{"0":"post-18267","1":"product","2":"type-product","3":"status-publish","4":"has-post-thumbnail","6":"product_cat-hytte-camping-fritid","7":"product_cat-kjokken-gass","9":"first","10":"instock","11":"taxable","12":"shipping-taxable","13":"purchasable","14":"product-type-simple"},"_links":{"self":[{"href":"https:\/\/vossgass.no\/en\/wp-json\/wp\/v2\/product\/18267","targetHints":{"allow":["GET"]}}],"collection":[{"href":"https:\/\/vossgass.no\/en\/wp-json\/wp\/v2\/product"}],"about":[{"href":"https:\/\/vossgass.no\/en\/wp-json\/wp\/v2\/types\/product"}],"replies":[{"embeddable":true,"href":"https:\/\/vossgass.no\/en\/wp-json\/wp\/v2\/comments?post=18267"}],"wp:featuredmedia":[{"embeddable":true,"href":"https:\/\/vossgass.no\/en\/wp-json\/wp\/v2\/media\/18268"}],"wp:attachment":[{"href":"https:\/\/vossgass.no\/en\/wp-json\/wp\/v2\/media?parent=18267"}],"wp:term":[{"taxonomy":"product_brand","embeddable":true,"href":"https:\/\/vossgass.no\/en\/wp-json\/wp\/v2\/product_brand?post=18267"},{"taxonomy":"product_cat","embeddable":true,"href":"https:\/\/vossgass.no\/en\/wp-json\/wp\/v2\/product_cat?post=18267"},{"taxonomy":"product_tag","embeddable":true,"href":"https:\/\/vossgass.no\/en\/wp-json\/wp\/v2\/product_tag?post=18267"}],"curies":[{"name":"wp","href":"https:\/\/api.w.org\/{rel}","templated":true}]}}