{"id":18260,"date":"2025-05-21T01:15:24","date_gmt":"2025-05-20T23:15:24","guid":{"rendered":"https:\/\/vossgass.no\/produkt\/enders-wireless-grill-termometer\/"},"modified":"2026-02-19T15:11:17","modified_gmt":"2026-02-19T14:11:17","slug":"enders-wireless-grill-termometer","status":"publish","type":"product","link":"https:\/\/vossgass.no\/en\/product\/enders-wireless-grill-termometer\/","title":{"rendered":"Enders Wireless grill termometer"},"content":{"rendered":"","protected":false},"excerpt":{"rendered":"<p>N\u00e5r du har det rette tilbeh\u00f8ret, kan ingenting g\u00e5 galt med grill kvelden. De passende sm\u00e5 hjelperne, fra grill tang til kebab spyd, vil \u00f8ke stemningen. De slipper kreativiteten l\u00f8s og lar deg tilberede det st\u00f8rste mulige utvalget av grillmat. Gjestene dine vil bli virkelig imponert!<\/p>\n<p>Hold \u00f8ye med grilltemperaturen uten \u00e5 m\u00e5tte st\u00e5 ved grillen, takket v\u00e6re den tr\u00e5dl\u00f8se tilkoblingen<br \/>\nTermostaten best\u00e5r av sendestasjon, kontrollenhet og to temperaturf\u00f8lere<br \/>\nSyv valgbare kj\u00f8tt-\/fisktyper og ekstra justerbar modus og timerfunksjon etter eget valg<br \/>\nTemperatur f\u00f8lere: 2 stk<br \/>\nBatteridrift: 4 x AA-batterier kreves for bruk (ikke inkludert)<\/p>","protected":false},"featured_media":18262,"comment_status":"open","ping_status":"closed","template":"","meta":[],"product_brand":[],"product_cat":[260,292],"product_tag":[],"class_list":{"0":"post-18260","1":"product","2":"type-product","3":"status-publish","4":"has-post-thumbnail","6":"product_cat-hytte-camping-fritid","7":"product_cat-kjokken-gass","9":"first","10":"instock","11":"taxable","12":"shipping-taxable","13":"purchasable","14":"product-type-simple"},"_links":{"self":[{"href":"https:\/\/vossgass.no\/en\/wp-json\/wp\/v2\/product\/18260","targetHints":{"allow":["GET"]}}],"collection":[{"href":"https:\/\/vossgass.no\/en\/wp-json\/wp\/v2\/product"}],"about":[{"href":"https:\/\/vossgass.no\/en\/wp-json\/wp\/v2\/types\/product"}],"replies":[{"embeddable":true,"href":"https:\/\/vossgass.no\/en\/wp-json\/wp\/v2\/comments?post=18260"}],"wp:featuredmedia":[{"embeddable":true,"href":"https:\/\/vossgass.no\/en\/wp-json\/wp\/v2\/media\/18262"}],"wp:attachment":[{"href":"https:\/\/vossgass.no\/en\/wp-json\/wp\/v2\/media?parent=18260"}],"wp:term":[{"taxonomy":"product_brand","embeddable":true,"href":"https:\/\/vossgass.no\/en\/wp-json\/wp\/v2\/product_brand?post=18260"},{"taxonomy":"product_cat","embeddable":true,"href":"https:\/\/vossgass.no\/en\/wp-json\/wp\/v2\/product_cat?post=18260"},{"taxonomy":"product_tag","embeddable":true,"href":"https:\/\/vossgass.no\/en\/wp-json\/wp\/v2\/product_tag?post=18260"}],"curies":[{"name":"wp","href":"https:\/\/api.w.org\/{rel}","templated":true}]}}