{"id":18256,"date":"2025-05-21T00:53:55","date_gmt":"2025-05-20T22:53:55","guid":{"rendered":"https:\/\/vossgass.no\/produkt\/roykeboks-for-grill\/"},"modified":"2026-02-19T15:12:05","modified_gmt":"2026-02-19T14:12:05","slug":"roykeboks-for-grill","status":"publish","type":"product","link":"https:\/\/vossgass.no\/en\/product\/roykeboks-for-grill\/","title":{"rendered":"R\u00f8ykeboks for Grill"},"content":{"rendered":"","protected":false},"excerpt":{"rendered":"<p>R\u00f8ykeboks i rustfritt st\u00e5l fra Tyske Enders for \u00e5 f\u00e5 en ekstra god smak p\u00e5 det du skal grille, kj\u00f8tt, fisk osv.<\/p>\n<p>Rustfritt st\u00e5l.<br \/>\nFor fylling av r\u00f8ykeflis, pellets eller lignende.<br \/>\nFor \u00e5 f\u00e5 den spesielle r\u00f8ykaromaen p\u00e5 kj\u00f8tt, fisk og lignende.<\/p>","protected":false},"featured_media":18258,"comment_status":"open","ping_status":"closed","template":"","meta":[],"product_brand":[],"product_cat":[260,292],"product_tag":[],"class_list":{"0":"post-18256","1":"product","2":"type-product","3":"status-publish","4":"has-post-thumbnail","6":"product_cat-hytte-camping-fritid","7":"product_cat-kjokken-gass","9":"first","10":"instock","11":"taxable","12":"shipping-taxable","13":"purchasable","14":"product-type-simple"},"_links":{"self":[{"href":"https:\/\/vossgass.no\/en\/wp-json\/wp\/v2\/product\/18256","targetHints":{"allow":["GET"]}}],"collection":[{"href":"https:\/\/vossgass.no\/en\/wp-json\/wp\/v2\/product"}],"about":[{"href":"https:\/\/vossgass.no\/en\/wp-json\/wp\/v2\/types\/product"}],"replies":[{"embeddable":true,"href":"https:\/\/vossgass.no\/en\/wp-json\/wp\/v2\/comments?post=18256"}],"wp:featuredmedia":[{"embeddable":true,"href":"https:\/\/vossgass.no\/en\/wp-json\/wp\/v2\/media\/18258"}],"wp:attachment":[{"href":"https:\/\/vossgass.no\/en\/wp-json\/wp\/v2\/media?parent=18256"}],"wp:term":[{"taxonomy":"product_brand","embeddable":true,"href":"https:\/\/vossgass.no\/en\/wp-json\/wp\/v2\/product_brand?post=18256"},{"taxonomy":"product_cat","embeddable":true,"href":"https:\/\/vossgass.no\/en\/wp-json\/wp\/v2\/product_cat?post=18256"},{"taxonomy":"product_tag","embeddable":true,"href":"https:\/\/vossgass.no\/en\/wp-json\/wp\/v2\/product_tag?post=18256"}],"curies":[{"name":"wp","href":"https:\/\/api.w.org\/{rel}","templated":true}]}}