{"id":18254,"date":"2025-05-21T00:08:36","date_gmt":"2025-05-20T22:08:36","guid":{"rendered":"https:\/\/vossgass.no\/produkt\/outdoorchef-rodvin-roykeflis\/"},"modified":"2026-02-19T15:18:31","modified_gmt":"2026-02-19T14:18:31","slug":"outdoorchef-rodvin-roykeflis","status":"publish","type":"product","link":"https:\/\/vossgass.no\/en\/product\/outdoorchef-rodvin-roykeflis\/","title":{"rendered":"OutdoorChef R\u00f8dvin R\u00f8ykeflis"},"content":{"rendered":"","protected":false},"excerpt":{"rendered":"<p>R\u00f8dvin r\u00f8ykeflis til din Outdoor Chef Smoker. Laget av gamle Rioja vineiket\u00f8nner fra Rioja regionen i Spania. Ideell kornst\u00f8rrelse for optimal forbrenningsprosess. Fra b\u00e6rekraftige kilder i EU. Posen har aromaforsegling til senere bruk, etter at den har blitt \u00e5pnet f\u00f8rste gang.<\/p>\n<p>Egnet til det meste, men best til:<\/p>\n<p>R\u00f8yksmak: Kraftig aromatisk smak<br \/>\nH\u00f8ns<br \/>\nSau<br \/>\nGr\u00f8nnsaker<br \/>\nOst<br \/>\nDrinker<br \/>\nKan s\u00e5klart brukes p\u00e5 andre m\u00e5ter eller maskiner \u00e5 r\u00f8yke p\u00e5.<\/p>\n<p>Styrke: Mild<br \/>\nFSC certified<br \/>\n750 g<\/p>","protected":false},"featured_media":18255,"comment_status":"open","ping_status":"closed","template":"","meta":[],"product_brand":[],"product_cat":[260,292],"product_tag":[],"class_list":{"0":"post-18254","1":"product","2":"type-product","3":"status-publish","4":"has-post-thumbnail","6":"product_cat-hytte-camping-fritid","7":"product_cat-kjokken-gass","9":"first","10":"instock","11":"taxable","12":"shipping-taxable","13":"purchasable","14":"product-type-simple"},"_links":{"self":[{"href":"https:\/\/vossgass.no\/en\/wp-json\/wp\/v2\/product\/18254","targetHints":{"allow":["GET"]}}],"collection":[{"href":"https:\/\/vossgass.no\/en\/wp-json\/wp\/v2\/product"}],"about":[{"href":"https:\/\/vossgass.no\/en\/wp-json\/wp\/v2\/types\/product"}],"replies":[{"embeddable":true,"href":"https:\/\/vossgass.no\/en\/wp-json\/wp\/v2\/comments?post=18254"}],"wp:featuredmedia":[{"embeddable":true,"href":"https:\/\/vossgass.no\/en\/wp-json\/wp\/v2\/media\/18255"}],"wp:attachment":[{"href":"https:\/\/vossgass.no\/en\/wp-json\/wp\/v2\/media?parent=18254"}],"wp:term":[{"taxonomy":"product_brand","embeddable":true,"href":"https:\/\/vossgass.no\/en\/wp-json\/wp\/v2\/product_brand?post=18254"},{"taxonomy":"product_cat","embeddable":true,"href":"https:\/\/vossgass.no\/en\/wp-json\/wp\/v2\/product_cat?post=18254"},{"taxonomy":"product_tag","embeddable":true,"href":"https:\/\/vossgass.no\/en\/wp-json\/wp\/v2\/product_tag?post=18254"}],"curies":[{"name":"wp","href":"https:\/\/api.w.org\/{rel}","templated":true}]}}