{"id":18249,"date":"2025-05-20T23:53:14","date_gmt":"2025-05-20T21:53:14","guid":{"rendered":"https:\/\/vossgass.no\/produkt\/outdoorchef-bok-roykeflis\/"},"modified":"2025-12-31T12:18:37","modified_gmt":"2025-12-31T11:18:37","slug":"outdoorchef-bok-roykeflis","status":"publish","type":"product","link":"https:\/\/vossgass.no\/en\/product\/outdoorchef-bok-roykeflis\/","title":{"rendered":"OutdoorChef B\u00f8k R\u00f8ykeflis"},"content":{"rendered":"","protected":false},"excerpt":{"rendered":"<p>R\u00f8ykeflis av b\u00f8k til din Outdoor Chef Smoker. Laget av b\u00f8ketr\u00e6r i Spania. Ideell kornst\u00f8rrelse for optimal forbrenningsprosess. Fra b\u00e6rekraftige kilder i EU. Posen har aromaforsegling til senere bruk, etter at den har blitt \u00e5pnet f\u00f8rste gang.<\/p>\n<p>Egnet til det meste, men best til:<\/p>\n<p>Kan s\u00e5klart brukes p\u00e5 andre m\u00e5ter eller maskiner \u00e5 r\u00f8yke p\u00e5.<\/p>\n<p>Styrke: Mild<br \/>\nR\u00f8yksmak: Naturlig smak<br \/>\nH\u00f8ns<br \/>\nSau<br \/>\nGr\u00f8nnsaker<br \/>\nOst<br \/>\nDrinker<br \/>\nFSC certified<br \/>\n750 g<\/p>","protected":false},"featured_media":18252,"comment_status":"open","ping_status":"closed","template":"","meta":[],"product_brand":[],"product_cat":[260,292],"product_tag":[],"class_list":{"0":"post-18249","1":"product","2":"type-product","3":"status-publish","4":"has-post-thumbnail","6":"product_cat-hytte-camping-fritid","7":"product_cat-kjokken-gass","9":"first","10":"outofstock","11":"taxable","12":"shipping-taxable","13":"purchasable","14":"product-type-simple"},"_links":{"self":[{"href":"https:\/\/vossgass.no\/en\/wp-json\/wp\/v2\/product\/18249","targetHints":{"allow":["GET"]}}],"collection":[{"href":"https:\/\/vossgass.no\/en\/wp-json\/wp\/v2\/product"}],"about":[{"href":"https:\/\/vossgass.no\/en\/wp-json\/wp\/v2\/types\/product"}],"replies":[{"embeddable":true,"href":"https:\/\/vossgass.no\/en\/wp-json\/wp\/v2\/comments?post=18249"}],"wp:featuredmedia":[{"embeddable":true,"href":"https:\/\/vossgass.no\/en\/wp-json\/wp\/v2\/media\/18252"}],"wp:attachment":[{"href":"https:\/\/vossgass.no\/en\/wp-json\/wp\/v2\/media?parent=18249"}],"wp:term":[{"taxonomy":"product_brand","embeddable":true,"href":"https:\/\/vossgass.no\/en\/wp-json\/wp\/v2\/product_brand?post=18249"},{"taxonomy":"product_cat","embeddable":true,"href":"https:\/\/vossgass.no\/en\/wp-json\/wp\/v2\/product_cat?post=18249"},{"taxonomy":"product_tag","embeddable":true,"href":"https:\/\/vossgass.no\/en\/wp-json\/wp\/v2\/product_tag?post=18249"}],"curies":[{"name":"wp","href":"https:\/\/api.w.org\/{rel}","templated":true}]}}