{"id":18238,"date":"2025-05-20T23:29:21","date_gmt":"2025-05-20T21:29:21","guid":{"rendered":"https:\/\/vossgass.no\/produkt\/premium-pizza-spadeenders\/"},"modified":"2026-02-19T15:26:24","modified_gmt":"2026-02-19T14:26:24","slug":"premium-pizza-spadeenders","status":"publish","type":"product","link":"https:\/\/vossgass.no\/en\/product\/premium-pizza-spadeenders\/","title":{"rendered":"Premium Pizza spade,Enders"},"content":{"rendered":"","protected":false},"excerpt":{"rendered":"<p>Premium pizza spade fra Tyske Enders. Ideell for h\u00e5ndtering av pizza p\u00e5 grillen eller i en ren pizza ovn.<\/p>\n<p>Sm\u00e5 hjelpere til grillfesten! N\u00e5r du har det rette tilbeh\u00f8ret, kan ingenting g\u00e5 galt med ditt grillarrangement. De passende sm\u00e5 hjelperne, fra grilltang til pizza stein, vil \u00f8ke stemningen. De slipper kreativiteten l\u00f8s og lar deg tilberede et st\u00f8rst mulig utvalg av mat p\u00e5 grillen. Gjestene dine vil bli virkelig imponert!<\/p>\n<p>Laget av solid rustfritt st\u00e5l<br \/>\nH\u00f8ykvalitets pizzaslider for enkel og sikker h\u00e5ndtering av sm\u00e5 og store pizzaer<br \/>\nMykt og sklisikkert h\u00e5ndtak<\/p>","protected":false},"featured_media":18243,"comment_status":"open","ping_status":"closed","template":"","meta":[],"product_brand":[],"product_cat":[260],"product_tag":[],"class_list":{"0":"post-18238","1":"product","2":"type-product","3":"status-publish","4":"has-post-thumbnail","6":"product_cat-hytte-camping-fritid","8":"first","9":"instock","10":"taxable","11":"shipping-taxable","12":"purchasable","13":"product-type-simple"},"_links":{"self":[{"href":"https:\/\/vossgass.no\/en\/wp-json\/wp\/v2\/product\/18238","targetHints":{"allow":["GET"]}}],"collection":[{"href":"https:\/\/vossgass.no\/en\/wp-json\/wp\/v2\/product"}],"about":[{"href":"https:\/\/vossgass.no\/en\/wp-json\/wp\/v2\/types\/product"}],"replies":[{"embeddable":true,"href":"https:\/\/vossgass.no\/en\/wp-json\/wp\/v2\/comments?post=18238"}],"wp:featuredmedia":[{"embeddable":true,"href":"https:\/\/vossgass.no\/en\/wp-json\/wp\/v2\/media\/18243"}],"wp:attachment":[{"href":"https:\/\/vossgass.no\/en\/wp-json\/wp\/v2\/media?parent=18238"}],"wp:term":[{"taxonomy":"product_brand","embeddable":true,"href":"https:\/\/vossgass.no\/en\/wp-json\/wp\/v2\/product_brand?post=18238"},{"taxonomy":"product_cat","embeddable":true,"href":"https:\/\/vossgass.no\/en\/wp-json\/wp\/v2\/product_cat?post=18238"},{"taxonomy":"product_tag","embeddable":true,"href":"https:\/\/vossgass.no\/en\/wp-json\/wp\/v2\/product_tag?post=18238"}],"curies":[{"name":"wp","href":"https:\/\/api.w.org\/{rel}","templated":true}]}}