{"id":18220,"date":"2025-05-14T15:49:00","date_gmt":"2025-05-14T13:49:00","guid":{"rendered":"https:\/\/vossgass.no\/produkt\/nova-led-l-black\/"},"modified":"2026-04-01T14:08:16","modified_gmt":"2026-04-01T12:08:16","slug":"nova-led-l-black","status":"publish","type":"product","link":"https:\/\/vossgass.no\/en\/product\/nova-led-l-black\/","title":{"rendered":"Nova Led L Black"},"content":{"rendered":"","protected":false},"excerpt":{"rendered":"<p>Flammer fenger oss. Nova-serien fanger b\u00e5let og produserer avslappende, fascinerende flammer som du kan glede deg over hele kvelden og litt til. Et r\u00f8dt, rundt LED-lys fremhever den lekene flammen i midten, mens bunnen til den elegante s\u00f8ylen blir opplyst av et indirekte lys. Nova er en moderne, estetisk tiltalende og s\u00e5 kompakt at du kan sette de opp praktisk talt hvor som helst. Den vakreste flammen du kan tenne. Kontrollpanelet er lett tilgjengelig igjennom hullet p\u00e5 siden og dermed ogs\u00e5 fullt beskyttet. Kun til utend\u00f8rs bruk.<\/p>\n<p>LED stemningslys i toppen<br \/>\nIndirekte LED stemningslys i bunnen<br \/>\nJusterbar flamme<br \/>\nMagnet feste til lokket<br \/>\nElektronisk piezo tenning<br \/>\nEffekt: 2,5 kW<br \/>\nBrenntid timer 11 kg flaske: 51 timer<br \/>\nVeltesikring: Ja<br \/>\nFlammevakt: Ja<br \/>\nEco brenner: Ja<br \/>\nPlastf\u00f8tter<br \/>\nH\u00f8yde: 102 cm<br \/>\nBredde: \u00d8 36 cm<br \/>\nh\u00f8yde til innfesting bord: 88 cm<br \/>\nKommer uten slange og regulator<\/p>","protected":false},"featured_media":18221,"comment_status":"open","ping_status":"closed","template":"","meta":[],"product_brand":[],"product_cat":[260],"product_tag":[],"class_list":{"0":"post-18220","1":"product","2":"type-product","3":"status-publish","4":"has-post-thumbnail","6":"product_cat-hytte-camping-fritid","8":"first","9":"instock","10":"featured","11":"taxable","12":"shipping-taxable","13":"purchasable","14":"product-type-simple"},"_links":{"self":[{"href":"https:\/\/vossgass.no\/en\/wp-json\/wp\/v2\/product\/18220","targetHints":{"allow":["GET"]}}],"collection":[{"href":"https:\/\/vossgass.no\/en\/wp-json\/wp\/v2\/product"}],"about":[{"href":"https:\/\/vossgass.no\/en\/wp-json\/wp\/v2\/types\/product"}],"replies":[{"embeddable":true,"href":"https:\/\/vossgass.no\/en\/wp-json\/wp\/v2\/comments?post=18220"}],"wp:featuredmedia":[{"embeddable":true,"href":"https:\/\/vossgass.no\/en\/wp-json\/wp\/v2\/media\/18221"}],"wp:attachment":[{"href":"https:\/\/vossgass.no\/en\/wp-json\/wp\/v2\/media?parent=18220"}],"wp:term":[{"taxonomy":"product_brand","embeddable":true,"href":"https:\/\/vossgass.no\/en\/wp-json\/wp\/v2\/product_brand?post=18220"},{"taxonomy":"product_cat","embeddable":true,"href":"https:\/\/vossgass.no\/en\/wp-json\/wp\/v2\/product_cat?post=18220"},{"taxonomy":"product_tag","embeddable":true,"href":"https:\/\/vossgass.no\/en\/wp-json\/wp\/v2\/product_tag?post=18220"}],"curies":[{"name":"wp","href":"https:\/\/api.w.org\/{rel}","templated":true}]}}