{"id":18205,"date":"2025-05-11T12:45:39","date_gmt":"2025-05-11T10:45:39","guid":{"rendered":"https:\/\/vossgass.no\/produkt\/smoked-roykt-malt-1-kg-ebc-6-knust\/"},"modified":"2026-02-19T15:31:43","modified_gmt":"2026-02-19T14:31:43","slug":"smoked-roykt-malt-1-kg-ebc-6-knust","status":"publish","type":"product","link":"https:\/\/vossgass.no\/en\/product\/smoked-roykt-malt-1-kg-ebc-6-knust\/","title":{"rendered":"Smoked (r\u00f8ykt) malt 1 kg EBC 6 KNUST"},"content":{"rendered":"","protected":false},"excerpt":{"rendered":"<p>R\u00f8ykmalt er laget ved \u00e5 t\u00f8rke hel eller deler av malt over et vedb\u00e5l, som da bidrar med en intens r\u00f8yksmak. R\u00f8ykmalt gir en unik karakter til visse typer \u00f8l.<\/p>\n<p>Det er meget viktig at man brukes riktig mengde med r\u00f8ykmalt i maltblandingen, hvis man bruker for mye vil det totalt overd\u00f8ve de andre smakene i \u00f8let, og man ender opp med en udrikkelig monokromatisk \u00f8l. Bruken av r\u00f8ykmalt skaper en viss splittelse blant konsumere der ute, noen liker rett og slett ikke smaken, mens andre synes den gir en unik karakter til visse typer \u00f8l. <\/p>\n<p>Til r\u00f8yking av denne malten brukes eple-, b\u00f8k-, kirseb\u00e6r- eller p\u00e6reved fra \u00f8kologisk rene omr\u00e5der nord-\u00f8st i Polen. Omr\u00e5det kalles Polens gr\u00f8nne lunge. <\/p>","protected":false},"featured_media":18207,"comment_status":"open","ping_status":"closed","template":"","meta":[],"product_brand":[],"product_cat":[91,633,149],"product_tag":[],"class_list":{"0":"post-18205","1":"product","2":"type-product","3":"status-publish","4":"has-post-thumbnail","6":"product_cat-heimabrygg","7":"product_cat-malt-i-lausvekt","8":"product_cat-ravarer","10":"first","11":"instock","12":"taxable","13":"shipping-taxable","14":"purchasable","15":"product-type-simple"},"_links":{"self":[{"href":"https:\/\/vossgass.no\/en\/wp-json\/wp\/v2\/product\/18205","targetHints":{"allow":["GET"]}}],"collection":[{"href":"https:\/\/vossgass.no\/en\/wp-json\/wp\/v2\/product"}],"about":[{"href":"https:\/\/vossgass.no\/en\/wp-json\/wp\/v2\/types\/product"}],"replies":[{"embeddable":true,"href":"https:\/\/vossgass.no\/en\/wp-json\/wp\/v2\/comments?post=18205"}],"wp:featuredmedia":[{"embeddable":true,"href":"https:\/\/vossgass.no\/en\/wp-json\/wp\/v2\/media\/18207"}],"wp:attachment":[{"href":"https:\/\/vossgass.no\/en\/wp-json\/wp\/v2\/media?parent=18205"}],"wp:term":[{"taxonomy":"product_brand","embeddable":true,"href":"https:\/\/vossgass.no\/en\/wp-json\/wp\/v2\/product_brand?post=18205"},{"taxonomy":"product_cat","embeddable":true,"href":"https:\/\/vossgass.no\/en\/wp-json\/wp\/v2\/product_cat?post=18205"},{"taxonomy":"product_tag","embeddable":true,"href":"https:\/\/vossgass.no\/en\/wp-json\/wp\/v2\/product_tag?post=18205"}],"curies":[{"name":"wp","href":"https:\/\/api.w.org\/{rel}","templated":true}]}}