{"id":18194,"date":"2025-05-11T12:20:22","date_gmt":"2025-05-11T10:20:22","guid":{"rendered":"https:\/\/vossgass.no\/produkt\/naked-oat-malt-1-kg-ebc-2-8-knust\/"},"modified":"2026-02-19T15:50:47","modified_gmt":"2026-02-19T14:50:47","slug":"naked-oat-malt-1-kg-ebc-2-8-knust","status":"publish","type":"product","link":"https:\/\/vossgass.no\/en\/product\/naked-oat-malt-1-kg-ebc-2-8-knust\/","title":{"rendered":"Naked Oat malt 1 kg EBC 2-8 KNUST"},"content":{"rendered":"","protected":false},"excerpt":{"rendered":"<p>Naked Oat Malt &#8211; Crisp Malting<br \/>\nCrisp Naked Oat Malt har blitt en trofast del av NEIPA-oppskriften. Naked Oat Malt gir en deilig kremethet og munnf\u00f8lelse i alle \u00f8lstiler og er spesielt egnet til saftige humlebomber og tunge \u00f8l. De gir ogs\u00e5 en r\u00f8stet kjeksaroma og smak.<\/p>\n<p>Bruk: Opptil 30%. For NEIPA, Oatmeal Stout, og pale ales med havre.<\/p>","protected":false},"featured_media":18196,"comment_status":"open","ping_status":"closed","template":"","meta":[],"product_brand":[],"product_cat":[91,633,149],"product_tag":[],"class_list":{"0":"post-18194","1":"product","2":"type-product","3":"status-publish","4":"has-post-thumbnail","6":"product_cat-heimabrygg","7":"product_cat-malt-i-lausvekt","8":"product_cat-ravarer","10":"first","11":"instock","12":"taxable","13":"shipping-taxable","14":"purchasable","15":"product-type-simple"},"_links":{"self":[{"href":"https:\/\/vossgass.no\/en\/wp-json\/wp\/v2\/product\/18194","targetHints":{"allow":["GET"]}}],"collection":[{"href":"https:\/\/vossgass.no\/en\/wp-json\/wp\/v2\/product"}],"about":[{"href":"https:\/\/vossgass.no\/en\/wp-json\/wp\/v2\/types\/product"}],"replies":[{"embeddable":true,"href":"https:\/\/vossgass.no\/en\/wp-json\/wp\/v2\/comments?post=18194"}],"wp:featuredmedia":[{"embeddable":true,"href":"https:\/\/vossgass.no\/en\/wp-json\/wp\/v2\/media\/18196"}],"wp:attachment":[{"href":"https:\/\/vossgass.no\/en\/wp-json\/wp\/v2\/media?parent=18194"}],"wp:term":[{"taxonomy":"product_brand","embeddable":true,"href":"https:\/\/vossgass.no\/en\/wp-json\/wp\/v2\/product_brand?post=18194"},{"taxonomy":"product_cat","embeddable":true,"href":"https:\/\/vossgass.no\/en\/wp-json\/wp\/v2\/product_cat?post=18194"},{"taxonomy":"product_tag","embeddable":true,"href":"https:\/\/vossgass.no\/en\/wp-json\/wp\/v2\/product_tag?post=18194"}],"curies":[{"name":"wp","href":"https:\/\/api.w.org\/{rel}","templated":true}]}}