{"id":18192,"date":"2025-05-11T11:53:39","date_gmt":"2025-05-11T09:53:39","guid":{"rendered":"https:\/\/vossgass.no\/produkt\/melano-malt-80-ebc-1-kg-knust\/"},"modified":"2026-02-19T15:53:30","modified_gmt":"2026-02-19T14:53:30","slug":"melano-malt-80-ebc-1-kg-knust","status":"publish","type":"product","link":"https:\/\/vossgass.no\/en\/product\/melano-malt-80-ebc-1-kg-knust\/","title":{"rendered":"Melano Malt 80 EBC 1 kg KNUST"},"content":{"rendered":"","protected":false},"excerpt":{"rendered":"<p>Castle Malting CH\u00c2TEAU MELANO &#8211; Melanoidin malt<\/p>\n<p>Melanoidin malt har en s\u00f8t, honning liknende smak og aroma. (Denne er ogs\u00e5 kjent som ?Honey malt? og ?Brumalt?) <\/p>\n<p>Selv om noen varianter har tilstrekkelig med enzymer til \u00e5 konvertere 100% av stivelsen til sukker, s\u00e5 er det mer vanlig \u00e5 bruke melanoidin malt i mindre mengder siden smaken kan bli for utpreget hvis den er brukt som hovedmalt. Mange bryggere anser denne malten som ?Super-Munich?, siden den deler noen av smaksnotene med Munich malt. Ved \u00e5 bruke opptil 10% Melanoidin i et brygg, vil man f\u00e5 en utpreget honning aroma i \u00f8let.<\/p>","protected":false},"featured_media":18193,"comment_status":"open","ping_status":"closed","template":"","meta":[],"product_brand":[],"product_cat":[91,633,149],"product_tag":[],"class_list":{"0":"post-18192","1":"product","2":"type-product","3":"status-publish","4":"has-post-thumbnail","6":"product_cat-heimabrygg","7":"product_cat-malt-i-lausvekt","8":"product_cat-ravarer","10":"first","11":"instock","12":"taxable","13":"shipping-taxable","14":"purchasable","15":"product-type-simple"},"_links":{"self":[{"href":"https:\/\/vossgass.no\/en\/wp-json\/wp\/v2\/product\/18192","targetHints":{"allow":["GET"]}}],"collection":[{"href":"https:\/\/vossgass.no\/en\/wp-json\/wp\/v2\/product"}],"about":[{"href":"https:\/\/vossgass.no\/en\/wp-json\/wp\/v2\/types\/product"}],"replies":[{"embeddable":true,"href":"https:\/\/vossgass.no\/en\/wp-json\/wp\/v2\/comments?post=18192"}],"wp:featuredmedia":[{"embeddable":true,"href":"https:\/\/vossgass.no\/en\/wp-json\/wp\/v2\/media\/18193"}],"wp:attachment":[{"href":"https:\/\/vossgass.no\/en\/wp-json\/wp\/v2\/media?parent=18192"}],"wp:term":[{"taxonomy":"product_brand","embeddable":true,"href":"https:\/\/vossgass.no\/en\/wp-json\/wp\/v2\/product_brand?post=18192"},{"taxonomy":"product_cat","embeddable":true,"href":"https:\/\/vossgass.no\/en\/wp-json\/wp\/v2\/product_cat?post=18192"},{"taxonomy":"product_tag","embeddable":true,"href":"https:\/\/vossgass.no\/en\/wp-json\/wp\/v2\/product_tag?post=18192"}],"curies":[{"name":"wp","href":"https:\/\/api.w.org\/{rel}","templated":true}]}}