{"id":18189,"date":"2025-05-11T11:47:54","date_gmt":"2025-05-11T09:47:54","guid":{"rendered":"https:\/\/vossgass.no\/produkt\/maris-otter-1kg-ebc-55-knust\/"},"modified":"2026-02-19T15:55:01","modified_gmt":"2026-02-19T14:55:01","slug":"maris-otter-1kg-ebc-55-knust","status":"publish","type":"product","link":"https:\/\/vossgass.no\/en\/product\/maris-otter-1kg-ebc-55-knust\/","title":{"rendered":"Maris Otter 1kg EBC 5,5 KNUST"},"content":{"rendered":"","protected":false},"excerpt":{"rendered":"<p>MARIS OTTER<\/p>\n<p>Denne britiske sorten ble popul\u00e6r blant engelske bryggere p\u00e5 midten av 1960-tallet. Den gav form og karakter til mange engelske \u00f8lstiler.<br \/>\nI dag brukes Maris Otter som basemalt over hele verden.<br \/>\nMaris Otter gir en rik og robust maltkarakter til \u00f8let, med en flott og lett gylden farge. Brukt som basemalt,<br \/>\nvil Best Maris Otter bidra til \u00e5 produsere et \u00f8l som er klart og med lav skumdannelse, p\u00e5 grunn av dets lave niv\u00e5 av proteiner.<\/p>\n<p>Produsent: Thomas Fawcett<br \/>\n\u00d8lstiler: Ale, Engelske Ale, Engelsk bitter med mer<br \/>\nAnvendelse: Opptil 100% av maltbase<\/p>","protected":false},"featured_media":18190,"comment_status":"open","ping_status":"closed","template":"","meta":[],"product_brand":[],"product_cat":[91,633,149],"product_tag":[],"class_list":{"0":"post-18189","1":"product","2":"type-product","3":"status-publish","4":"has-post-thumbnail","6":"product_cat-heimabrygg","7":"product_cat-malt-i-lausvekt","8":"product_cat-ravarer","10":"first","11":"instock","12":"taxable","13":"shipping-taxable","14":"purchasable","15":"product-type-simple"},"_links":{"self":[{"href":"https:\/\/vossgass.no\/en\/wp-json\/wp\/v2\/product\/18189","targetHints":{"allow":["GET"]}}],"collection":[{"href":"https:\/\/vossgass.no\/en\/wp-json\/wp\/v2\/product"}],"about":[{"href":"https:\/\/vossgass.no\/en\/wp-json\/wp\/v2\/types\/product"}],"replies":[{"embeddable":true,"href":"https:\/\/vossgass.no\/en\/wp-json\/wp\/v2\/comments?post=18189"}],"wp:featuredmedia":[{"embeddable":true,"href":"https:\/\/vossgass.no\/en\/wp-json\/wp\/v2\/media\/18190"}],"wp:attachment":[{"href":"https:\/\/vossgass.no\/en\/wp-json\/wp\/v2\/media?parent=18189"}],"wp:term":[{"taxonomy":"product_brand","embeddable":true,"href":"https:\/\/vossgass.no\/en\/wp-json\/wp\/v2\/product_brand?post=18189"},{"taxonomy":"product_cat","embeddable":true,"href":"https:\/\/vossgass.no\/en\/wp-json\/wp\/v2\/product_cat?post=18189"},{"taxonomy":"product_tag","embeddable":true,"href":"https:\/\/vossgass.no\/en\/wp-json\/wp\/v2\/product_tag?post=18189"}],"curies":[{"name":"wp","href":"https:\/\/api.w.org\/{rel}","templated":true}]}}