{"id":18185,"date":"2025-05-11T11:40:44","date_gmt":"2025-05-11T09:40:44","guid":{"rendered":"https:\/\/vossgass.no\/produkt\/chit-wheat-flakes-malt-1-kg-ebc-3-7-2\/"},"modified":"2026-02-19T15:59:55","modified_gmt":"2026-02-19T14:59:55","slug":"chit-wheat-flakes-malt-1-kg-ebc-3-7-2","status":"publish","type":"product","link":"https:\/\/vossgass.no\/en\/product\/chit-wheat-flakes-malt-1-kg-ebc-3-7-2\/","title":{"rendered":"Chit Wheat Flakes malt 1 kg EBC 3-7 Knust"},"content":{"rendered":"","protected":false},"excerpt":{"rendered":"<p>Castle Malting CH\u00c2TEAU CHIT WHEAT MALT FLAKES &#8211; Hvetemalt<\/p>\n<p>Hvetemalt er, som navnet tilsier, malt som er laget fra hvete istedenfor bygg. Siden s\u00e5 \u00e5 si samtlige produksjons metoder ogs\u00e5 kan brukes p\u00e5 hvete, s\u00e5 er produkter slik som m\u00f8rk hvete malt tilgjengelige for den eventyrlystne brygger. Hvete i maltblandingen har visse fordeler, siden hvete har en h\u00f8y mengde med protein som f\u00f8rer til bedre skumdannelse og bevaring. Hvete blir brukt i en rekke \u00f8ltyper slik som Weizen og Berliner Weiss. Hvete kan v\u00e6re vrient \u00e5 brygge med, siden det \u00f8ker risikoen for &#8216;Stuck mash&#8217;, men hvis man da tilsetter risskall i mesken, vil dette hjelpe med tettheten.<\/p>\n<p>Denne hvetemalten er kortmaltet hvete (Chit whete) slik at den ikke inneholder noen enzymer. Kortmaltet brukes for \u00e5 \u00f8ke skumfastheten, men kan v\u00e6re vrien \u00e5 jobbe med pga. dens h\u00f8ye betaglukan niv\u00e5er.<\/p>\n<p>Farge: 5 EBC<\/p>\n<p>Produsent: Castle Malting, Belgia<\/p>","protected":false},"featured_media":18186,"comment_status":"open","ping_status":"closed","template":"","meta":[],"product_brand":[],"product_cat":[91,633,149],"product_tag":[],"class_list":{"0":"post-18185","1":"product","2":"type-product","3":"status-publish","4":"has-post-thumbnail","6":"product_cat-heimabrygg","7":"product_cat-malt-i-lausvekt","8":"product_cat-ravarer","10":"first","11":"outofstock","12":"taxable","13":"shipping-taxable","14":"purchasable","15":"product-type-simple"},"_links":{"self":[{"href":"https:\/\/vossgass.no\/en\/wp-json\/wp\/v2\/product\/18185","targetHints":{"allow":["GET"]}}],"collection":[{"href":"https:\/\/vossgass.no\/en\/wp-json\/wp\/v2\/product"}],"about":[{"href":"https:\/\/vossgass.no\/en\/wp-json\/wp\/v2\/types\/product"}],"replies":[{"embeddable":true,"href":"https:\/\/vossgass.no\/en\/wp-json\/wp\/v2\/comments?post=18185"}],"wp:featuredmedia":[{"embeddable":true,"href":"https:\/\/vossgass.no\/en\/wp-json\/wp\/v2\/media\/18186"}],"wp:attachment":[{"href":"https:\/\/vossgass.no\/en\/wp-json\/wp\/v2\/media?parent=18185"}],"wp:term":[{"taxonomy":"product_brand","embeddable":true,"href":"https:\/\/vossgass.no\/en\/wp-json\/wp\/v2\/product_brand?post=18185"},{"taxonomy":"product_cat","embeddable":true,"href":"https:\/\/vossgass.no\/en\/wp-json\/wp\/v2\/product_cat?post=18185"},{"taxonomy":"product_tag","embeddable":true,"href":"https:\/\/vossgass.no\/en\/wp-json\/wp\/v2\/product_tag?post=18185"}],"curies":[{"name":"wp","href":"https:\/\/api.w.org\/{rel}","templated":true}]}}