{"id":18177,"date":"2025-05-10T13:45:52","date_gmt":"2025-05-10T11:45:52","guid":{"rendered":"https:\/\/vossgass.no\/produkt\/diastatique-malt-1-kg-ebc-25-4-knust\/"},"modified":"2026-02-19T16:02:31","modified_gmt":"2026-02-19T15:02:31","slug":"diastatique-malt-1-kg-ebc-25-4-knust","status":"publish","type":"product","link":"https:\/\/vossgass.no\/en\/product\/diastatique-malt-1-kg-ebc-25-4-knust\/","title":{"rendered":"Diastatique malt 1 kg EBC 2,5-4 KNUST"},"content":{"rendered":"","protected":false},"excerpt":{"rendered":"<p>Chateau Diastatic<br \/>\nEgenskaper: Enzymatisk malt. Produsert av de fineste europeiske byggvariantene.<br \/>\nGir den n\u00f8dvendige diastatiske kraften i mesken n\u00e5r lavenzymmalt eller bygg brukes for \u00e5 \u00f8ke ekstraksjonen.<br \/>\nBruksomr\u00e5de: Alle typer \u00f8l.<br \/>\nAnbefalt: opptil 30 % av blandingen.<\/p>","protected":false},"featured_media":18178,"comment_status":"open","ping_status":"closed","template":"","meta":[],"product_brand":[],"product_cat":[91,633,149],"product_tag":[],"class_list":{"0":"post-18177","1":"product","2":"type-product","3":"status-publish","4":"has-post-thumbnail","6":"product_cat-heimabrygg","7":"product_cat-malt-i-lausvekt","8":"product_cat-ravarer","10":"first","11":"instock","12":"taxable","13":"shipping-taxable","14":"purchasable","15":"product-type-simple"},"_links":{"self":[{"href":"https:\/\/vossgass.no\/en\/wp-json\/wp\/v2\/product\/18177","targetHints":{"allow":["GET"]}}],"collection":[{"href":"https:\/\/vossgass.no\/en\/wp-json\/wp\/v2\/product"}],"about":[{"href":"https:\/\/vossgass.no\/en\/wp-json\/wp\/v2\/types\/product"}],"replies":[{"embeddable":true,"href":"https:\/\/vossgass.no\/en\/wp-json\/wp\/v2\/comments?post=18177"}],"wp:featuredmedia":[{"embeddable":true,"href":"https:\/\/vossgass.no\/en\/wp-json\/wp\/v2\/media\/18178"}],"wp:attachment":[{"href":"https:\/\/vossgass.no\/en\/wp-json\/wp\/v2\/media?parent=18177"}],"wp:term":[{"taxonomy":"product_brand","embeddable":true,"href":"https:\/\/vossgass.no\/en\/wp-json\/wp\/v2\/product_brand?post=18177"},{"taxonomy":"product_cat","embeddable":true,"href":"https:\/\/vossgass.no\/en\/wp-json\/wp\/v2\/product_cat?post=18177"},{"taxonomy":"product_tag","embeddable":true,"href":"https:\/\/vossgass.no\/en\/wp-json\/wp\/v2\/product_tag?post=18177"}],"curies":[{"name":"wp","href":"https:\/\/api.w.org\/{rel}","templated":true}]}}