{"id":18165,"date":"2025-05-10T13:22:06","date_gmt":"2025-05-10T11:22:06","guid":{"rendered":"https:\/\/vossgass.no\/produkt\/cafe-light-malt-1-kg-ebc-250-knust\/"},"modified":"2026-02-19T16:34:54","modified_gmt":"2026-02-19T15:34:54","slug":"cafe-light-malt-1-kg-ebc-250-knust","status":"publish","type":"product","link":"https:\/\/vossgass.no\/en\/product\/cafe-light-malt-1-kg-ebc-250-knust\/","title":{"rendered":"Cafe Light malt 1 kg EBC 250 KNUST"},"content":{"rendered":"","protected":false},"excerpt":{"rendered":"<p>Castle Malting CH\u00c2TEAU CAFE LIGHT\u00ae<\/p>\n<p>Ch\u00e2tau Caf\u00e9 Light malt formidler en n\u00f8tteaktig og en lett kaffesmak og aroma i \u00f8l slik som Stouts og Porters. Den bidrar til en myk munnf\u00f8lelse og kompleksitet til samtlige m\u00f8rke \u00f8l.<\/p>\n<p>Kan brukes i Stouts, Porters, Scottish Ales og m\u00f8rke belgiske \u00f8ltyper. Inntil 10% av maltblandingen er anbefalt.<\/p>","protected":false},"featured_media":18167,"comment_status":"open","ping_status":"closed","template":"","meta":[],"product_brand":[],"product_cat":[91,633,149],"product_tag":[],"class_list":{"0":"post-18165","1":"product","2":"type-product","3":"status-publish","4":"has-post-thumbnail","6":"product_cat-heimabrygg","7":"product_cat-malt-i-lausvekt","8":"product_cat-ravarer","10":"first","11":"instock","12":"taxable","13":"shipping-taxable","14":"purchasable","15":"product-type-simple"},"_links":{"self":[{"href":"https:\/\/vossgass.no\/en\/wp-json\/wp\/v2\/product\/18165","targetHints":{"allow":["GET"]}}],"collection":[{"href":"https:\/\/vossgass.no\/en\/wp-json\/wp\/v2\/product"}],"about":[{"href":"https:\/\/vossgass.no\/en\/wp-json\/wp\/v2\/types\/product"}],"replies":[{"embeddable":true,"href":"https:\/\/vossgass.no\/en\/wp-json\/wp\/v2\/comments?post=18165"}],"wp:featuredmedia":[{"embeddable":true,"href":"https:\/\/vossgass.no\/en\/wp-json\/wp\/v2\/media\/18167"}],"wp:attachment":[{"href":"https:\/\/vossgass.no\/en\/wp-json\/wp\/v2\/media?parent=18165"}],"wp:term":[{"taxonomy":"product_brand","embeddable":true,"href":"https:\/\/vossgass.no\/en\/wp-json\/wp\/v2\/product_brand?post=18165"},{"taxonomy":"product_cat","embeddable":true,"href":"https:\/\/vossgass.no\/en\/wp-json\/wp\/v2\/product_cat?post=18165"},{"taxonomy":"product_tag","embeddable":true,"href":"https:\/\/vossgass.no\/en\/wp-json\/wp\/v2\/product_tag?post=18165"}],"curies":[{"name":"wp","href":"https:\/\/api.w.org\/{rel}","templated":true}]}}