{"id":18163,"date":"2025-05-10T13:17:19","date_gmt":"2025-05-10T11:17:19","guid":{"rendered":"https:\/\/vossgass.no\/produkt\/cara-ruby-ebc50-1-kg-knust\/"},"modified":"2026-03-19T11:18:18","modified_gmt":"2026-03-19T10:18:18","slug":"cara-ruby-ebc50-1-kg-knust","status":"publish","type":"product","link":"https:\/\/vossgass.no\/en\/product\/cara-ruby-ebc50-1-kg-knust\/","title":{"rendered":"Cara Ruby (EBC50) 1 kg KNUST"},"content":{"rendered":"","protected":false},"excerpt":{"rendered":"<p>Ch\u00e2teau Cara Ruby\u00ae malt gir en rik karamell-s\u00f8t aroma og en toffee-lignende smak, og gir en r\u00f8dlig farge. Bidrar med munnf\u00f8lelse, skumfasthet og kropp.<\/p>\n<p>Farge: 50 EBC<\/p>","protected":false},"featured_media":18164,"comment_status":"open","ping_status":"closed","template":"","meta":[],"product_brand":[],"product_cat":[91,633,149],"product_tag":[],"class_list":{"0":"post-18163","1":"product","2":"type-product","3":"status-publish","4":"has-post-thumbnail","6":"product_cat-heimabrygg","7":"product_cat-malt-i-lausvekt","8":"product_cat-ravarer","10":"first","11":"instock","12":"taxable","13":"shipping-taxable","14":"purchasable","15":"product-type-simple"},"_links":{"self":[{"href":"https:\/\/vossgass.no\/en\/wp-json\/wp\/v2\/product\/18163","targetHints":{"allow":["GET"]}}],"collection":[{"href":"https:\/\/vossgass.no\/en\/wp-json\/wp\/v2\/product"}],"about":[{"href":"https:\/\/vossgass.no\/en\/wp-json\/wp\/v2\/types\/product"}],"replies":[{"embeddable":true,"href":"https:\/\/vossgass.no\/en\/wp-json\/wp\/v2\/comments?post=18163"}],"wp:featuredmedia":[{"embeddable":true,"href":"https:\/\/vossgass.no\/en\/wp-json\/wp\/v2\/media\/18164"}],"wp:attachment":[{"href":"https:\/\/vossgass.no\/en\/wp-json\/wp\/v2\/media?parent=18163"}],"wp:term":[{"taxonomy":"product_brand","embeddable":true,"href":"https:\/\/vossgass.no\/en\/wp-json\/wp\/v2\/product_brand?post=18163"},{"taxonomy":"product_cat","embeddable":true,"href":"https:\/\/vossgass.no\/en\/wp-json\/wp\/v2\/product_cat?post=18163"},{"taxonomy":"product_tag","embeddable":true,"href":"https:\/\/vossgass.no\/en\/wp-json\/wp\/v2\/product_tag?post=18163"}],"curies":[{"name":"wp","href":"https:\/\/api.w.org\/{rel}","templated":true}]}}