{"id":18161,"date":"2025-05-10T13:14:03","date_gmt":"2025-05-10T11:14:03","guid":{"rendered":"https:\/\/vossgass.no\/produkt\/biscuit-malt-1-kg-ebc-50-knust\/"},"modified":"2026-01-29T16:50:20","modified_gmt":"2026-01-29T15:50:20","slug":"biscuit-malt-1-kg-ebc-50-knust","status":"publish","type":"product","link":"https:\/\/vossgass.no\/en\/product\/biscuit-malt-1-kg-ebc-50-knust\/","title":{"rendered":"Biscuit malt 1 kg EBC 50 KNUST"},"content":{"rendered":"","protected":false},"excerpt":{"rendered":"<p>Unik og helt spesiell belgisk malt. Lett i ovn, deretter lett torrefisert ved opptil 160\u00b0C.<\/p>\n<p>Ch\u00e2teau Biscuit\u00ae malt gir en veldig uttalt &laquo;toasty&raquo; finish i \u00f8let. Gir et varmt br\u00f8d og<br \/>\nkjeksaktig aroma og smak. Fremmer en lys til middels varm brunfarge p\u00e5 mosen. Denne malten brukes<br \/>\nfor \u00e5 forbedre den stekte smaken og aromaen som kjennetegner \u00f8l og pils som gir de subtile egenskapene til<br \/>\nsvart- og sjokolademalt. Ingen enzymer. M\u00e5 moses med malt som har et overskudd av diastatisk kraft.<\/p>\n<p>Alle spesial\u00f8l og ogs\u00e5 for engelsk \u00f8l, brown ale og porters. Opptil 25 % av blandingen.<\/p>","protected":false},"featured_media":18162,"comment_status":"open","ping_status":"closed","template":"","meta":[],"product_brand":[],"product_cat":[91,633,149],"product_tag":[],"class_list":{"0":"post-18161","1":"product","2":"type-product","3":"status-publish","4":"has-post-thumbnail","6":"product_cat-heimabrygg","7":"product_cat-malt-i-lausvekt","8":"product_cat-ravarer","10":"first","11":"instock","12":"taxable","13":"shipping-taxable","14":"purchasable","15":"product-type-simple"},"_links":{"self":[{"href":"https:\/\/vossgass.no\/en\/wp-json\/wp\/v2\/product\/18161","targetHints":{"allow":["GET"]}}],"collection":[{"href":"https:\/\/vossgass.no\/en\/wp-json\/wp\/v2\/product"}],"about":[{"href":"https:\/\/vossgass.no\/en\/wp-json\/wp\/v2\/types\/product"}],"replies":[{"embeddable":true,"href":"https:\/\/vossgass.no\/en\/wp-json\/wp\/v2\/comments?post=18161"}],"wp:featuredmedia":[{"embeddable":true,"href":"https:\/\/vossgass.no\/en\/wp-json\/wp\/v2\/media\/18162"}],"wp:attachment":[{"href":"https:\/\/vossgass.no\/en\/wp-json\/wp\/v2\/media?parent=18161"}],"wp:term":[{"taxonomy":"product_brand","embeddable":true,"href":"https:\/\/vossgass.no\/en\/wp-json\/wp\/v2\/product_brand?post=18161"},{"taxonomy":"product_cat","embeddable":true,"href":"https:\/\/vossgass.no\/en\/wp-json\/wp\/v2\/product_cat?post=18161"},{"taxonomy":"product_tag","embeddable":true,"href":"https:\/\/vossgass.no\/en\/wp-json\/wp\/v2\/product_tag?post=18161"}],"curies":[{"name":"wp","href":"https:\/\/api.w.org\/{rel}","templated":true}]}}