{"id":18158,"date":"2025-05-10T13:08:56","date_gmt":"2025-05-10T11:08:56","guid":{"rendered":"https:\/\/vossgass.no\/produkt\/abbey-malt-1-kg-ebc-45-knust\/"},"modified":"2026-02-20T11:40:05","modified_gmt":"2026-02-20T10:40:05","slug":"abbey-malt-1-kg-ebc-45-knust","status":"publish","type":"product","link":"https:\/\/vossgass.no\/en\/product\/abbey-malt-1-kg-ebc-45-knust\/","title":{"rendered":"Abbey malt 1 kg EBC 45 KNUST"},"content":{"rendered":"","protected":false},"excerpt":{"rendered":"<p>Belgisk brun malt. Spesielt spiret og ovnsovn ved opptil 110\u00b0C.<\/p>\n<p>Karateristikk<\/p>\n<p>Ch\u00e2teau Abbey\u00ae malt er en mer ristet form for blek malt. Gir sterk smak av kokt br\u00f8d, n\u00f8tter og frukt. Ch\u00e2teau Abbey\u00ae malt har en bitter smak som mykner ved aldring, og kan v\u00e6re ganske intenst smaksatt. Ch\u00e2teau Abbey\u00ae-malt brukes vanligvis som en liten del av kornet i produksjonen av \u00f8l som krever en viss fargedybde.<\/p>\n<p>Bruk<\/p>\n<p>Pale ale-\u00f8l, Abbey-\u00f8l, brun porter og spesial\u00f8l, i et mangfoldig utvalg av britiske \u00f8l. Opptil 10 % av blandingen.<\/p>","protected":false},"featured_media":18160,"comment_status":"open","ping_status":"closed","template":"","meta":[],"product_brand":[],"product_cat":[91,633,149],"product_tag":[],"class_list":{"0":"post-18158","1":"product","2":"type-product","3":"status-publish","4":"has-post-thumbnail","6":"product_cat-heimabrygg","7":"product_cat-malt-i-lausvekt","8":"product_cat-ravarer","10":"first","11":"instock","12":"taxable","13":"shipping-taxable","14":"purchasable","15":"product-type-simple"},"_links":{"self":[{"href":"https:\/\/vossgass.no\/en\/wp-json\/wp\/v2\/product\/18158","targetHints":{"allow":["GET"]}}],"collection":[{"href":"https:\/\/vossgass.no\/en\/wp-json\/wp\/v2\/product"}],"about":[{"href":"https:\/\/vossgass.no\/en\/wp-json\/wp\/v2\/types\/product"}],"replies":[{"embeddable":true,"href":"https:\/\/vossgass.no\/en\/wp-json\/wp\/v2\/comments?post=18158"}],"wp:featuredmedia":[{"embeddable":true,"href":"https:\/\/vossgass.no\/en\/wp-json\/wp\/v2\/media\/18160"}],"wp:attachment":[{"href":"https:\/\/vossgass.no\/en\/wp-json\/wp\/v2\/media?parent=18158"}],"wp:term":[{"taxonomy":"product_brand","embeddable":true,"href":"https:\/\/vossgass.no\/en\/wp-json\/wp\/v2\/product_brand?post=18158"},{"taxonomy":"product_cat","embeddable":true,"href":"https:\/\/vossgass.no\/en\/wp-json\/wp\/v2\/product_cat?post=18158"},{"taxonomy":"product_tag","embeddable":true,"href":"https:\/\/vossgass.no\/en\/wp-json\/wp\/v2\/product_tag?post=18158"}],"curies":[{"name":"wp","href":"https:\/\/api.w.org\/{rel}","templated":true}]}}