{"id":18156,"date":"2025-05-10T11:48:50","date_gmt":"2025-05-10T09:48:50","guid":{"rendered":"https:\/\/vossgass.no\/produkt\/cara-clair-malt-1-kg-ebc-3-7-knust\/"},"modified":"2026-04-07T14:42:27","modified_gmt":"2026-04-07T12:42:27","slug":"cara-clair-malt-1-kg-ebc-3-7-knust","status":"publish","type":"product","link":"https:\/\/vossgass.no\/en\/product\/cara-clair-malt-1-kg-ebc-3-7-knust\/","title":{"rendered":"Cara Clair malt 1 kg EBC 3-7 KNUST"},"content":{"rendered":"","protected":false},"excerpt":{"rendered":"<p>Castle Malting CH\u00c2TEAU CARA CLAIR<\/p>\n<p>Karamellmalt Pils er produsert ved \u00e5 bruke lav temperatur og h\u00f8y fuktighet. Denne malten blir ikke brukt for dens enzymer, men heller for \u00e5 \u00f8ke skumfastheten, f\u00e5 en fyldigere kropp og f\u00e5 mer s\u00f8dme i \u00f8let. <\/p>\n<p>Hvis du \u00f8nsker en lys pils med mer fylde enn det 100% pilsnermalt gir deg, kan du benytte noe av denne malten til det.<\/p>","protected":false},"featured_media":18157,"comment_status":"open","ping_status":"closed","template":"","meta":[],"product_brand":[],"product_cat":[91,633,149],"product_tag":[],"class_list":{"0":"post-18156","1":"product","2":"type-product","3":"status-publish","4":"has-post-thumbnail","6":"product_cat-heimabrygg","7":"product_cat-malt-i-lausvekt","8":"product_cat-ravarer","10":"first","11":"instock","12":"taxable","13":"shipping-taxable","14":"purchasable","15":"product-type-simple"},"_links":{"self":[{"href":"https:\/\/vossgass.no\/en\/wp-json\/wp\/v2\/product\/18156","targetHints":{"allow":["GET"]}}],"collection":[{"href":"https:\/\/vossgass.no\/en\/wp-json\/wp\/v2\/product"}],"about":[{"href":"https:\/\/vossgass.no\/en\/wp-json\/wp\/v2\/types\/product"}],"replies":[{"embeddable":true,"href":"https:\/\/vossgass.no\/en\/wp-json\/wp\/v2\/comments?post=18156"}],"wp:featuredmedia":[{"embeddable":true,"href":"https:\/\/vossgass.no\/en\/wp-json\/wp\/v2\/media\/18157"}],"wp:attachment":[{"href":"https:\/\/vossgass.no\/en\/wp-json\/wp\/v2\/media?parent=18156"}],"wp:term":[{"taxonomy":"product_brand","embeddable":true,"href":"https:\/\/vossgass.no\/en\/wp-json\/wp\/v2\/product_brand?post=18156"},{"taxonomy":"product_cat","embeddable":true,"href":"https:\/\/vossgass.no\/en\/wp-json\/wp\/v2\/product_cat?post=18156"},{"taxonomy":"product_tag","embeddable":true,"href":"https:\/\/vossgass.no\/en\/wp-json\/wp\/v2\/product_tag?post=18156"}],"curies":[{"name":"wp","href":"https:\/\/api.w.org\/{rel}","templated":true}]}}