{"id":18153,"date":"2025-05-10T11:44:39","date_gmt":"2025-05-10T09:44:39","guid":{"rendered":"https:\/\/vossgass.no\/produkt\/cara-blond-malt-1-kg-ebc-20-knust\/"},"modified":"2026-03-11T13:14:49","modified_gmt":"2026-03-11T12:14:49","slug":"cara-blond-malt-1-kg-ebc-20-knust","status":"publish","type":"product","link":"https:\/\/vossgass.no\/en\/product\/cara-blond-malt-1-kg-ebc-20-knust\/","title":{"rendered":"Cara Blond malt 1 kg EBC 20 KNUST"},"content":{"rendered":"","protected":false},"excerpt":{"rendered":"<p>Castle Malting CH\u00c2TEAU CARA Blond<\/p>\n<p>Ch\u00e2teau Cara Blond\u00ae gir en mild karamell-s\u00f8t aroma og tilsetter gylden farge til \u00f8l. Bidrar med munnf\u00f8lelse, skumfasthet og kropp.<\/p>","protected":false},"featured_media":18155,"comment_status":"open","ping_status":"closed","template":"","meta":[],"product_brand":[],"product_cat":[91,633,149],"product_tag":[],"class_list":{"0":"post-18153","1":"product","2":"type-product","3":"status-publish","4":"has-post-thumbnail","6":"product_cat-heimabrygg","7":"product_cat-malt-i-lausvekt","8":"product_cat-ravarer","10":"first","11":"instock","12":"taxable","13":"shipping-taxable","14":"purchasable","15":"product-type-simple"},"_links":{"self":[{"href":"https:\/\/vossgass.no\/en\/wp-json\/wp\/v2\/product\/18153","targetHints":{"allow":["GET"]}}],"collection":[{"href":"https:\/\/vossgass.no\/en\/wp-json\/wp\/v2\/product"}],"about":[{"href":"https:\/\/vossgass.no\/en\/wp-json\/wp\/v2\/types\/product"}],"replies":[{"embeddable":true,"href":"https:\/\/vossgass.no\/en\/wp-json\/wp\/v2\/comments?post=18153"}],"wp:featuredmedia":[{"embeddable":true,"href":"https:\/\/vossgass.no\/en\/wp-json\/wp\/v2\/media\/18155"}],"wp:attachment":[{"href":"https:\/\/vossgass.no\/en\/wp-json\/wp\/v2\/media?parent=18153"}],"wp:term":[{"taxonomy":"product_brand","embeddable":true,"href":"https:\/\/vossgass.no\/en\/wp-json\/wp\/v2\/product_brand?post=18153"},{"taxonomy":"product_cat","embeddable":true,"href":"https:\/\/vossgass.no\/en\/wp-json\/wp\/v2\/product_cat?post=18153"},{"taxonomy":"product_tag","embeddable":true,"href":"https:\/\/vossgass.no\/en\/wp-json\/wp\/v2\/product_tag?post=18153"}],"curies":[{"name":"wp","href":"https:\/\/api.w.org\/{rel}","templated":true}]}}