{"id":18147,"date":"2025-05-10T09:09:08","date_gmt":"2025-05-10T07:09:08","guid":{"rendered":"https:\/\/vossgass.no\/produkt\/munich-light-25-kg-sekk-ebc-15-knust\/"},"modified":"2026-03-19T11:17:58","modified_gmt":"2026-03-19T10:17:58","slug":"munich-light-25-kg-sekk-ebc-15-knust","status":"publish","type":"product","link":"https:\/\/vossgass.no\/en\/product\/munich-light-25-kg-sekk-ebc-15-knust\/","title":{"rendered":"Munich Light 25 kg EBC 15 KNUST"},"content":{"rendered":"","protected":false},"excerpt":{"rendered":"<p>M\u00fcnich Light malt gir smak og aroma til \u00f8let i form av kjeks eller br\u00f8d.<br \/>\nLys munchener bidrar til en god fylde, s\u00f8thet og en god skumfasthet.<br \/>\nI jule\u00f8l er det vanlig \u00e5 bruke denne som en basemalt for \u00e5 fremheve maltsmak og aroma.<\/p>","protected":false},"featured_media":18149,"comment_status":"open","ping_status":"closed","template":"","meta":[],"product_brand":[],"product_cat":[91,169,149],"product_tag":[],"class_list":{"0":"post-18147","1":"product","2":"type-product","3":"status-publish","4":"has-post-thumbnail","6":"product_cat-heimabrygg","7":"product_cat-malt","8":"product_cat-ravarer","9":"product_shipping_class-kan-ikke-sendes","11":"first","12":"instock","13":"taxable","14":"shipping-taxable","15":"purchasable","16":"product-type-simple"},"_links":{"self":[{"href":"https:\/\/vossgass.no\/en\/wp-json\/wp\/v2\/product\/18147","targetHints":{"allow":["GET"]}}],"collection":[{"href":"https:\/\/vossgass.no\/en\/wp-json\/wp\/v2\/product"}],"about":[{"href":"https:\/\/vossgass.no\/en\/wp-json\/wp\/v2\/types\/product"}],"replies":[{"embeddable":true,"href":"https:\/\/vossgass.no\/en\/wp-json\/wp\/v2\/comments?post=18147"}],"wp:featuredmedia":[{"embeddable":true,"href":"https:\/\/vossgass.no\/en\/wp-json\/wp\/v2\/media\/18149"}],"wp:attachment":[{"href":"https:\/\/vossgass.no\/en\/wp-json\/wp\/v2\/media?parent=18147"}],"wp:term":[{"taxonomy":"product_brand","embeddable":true,"href":"https:\/\/vossgass.no\/en\/wp-json\/wp\/v2\/product_brand?post=18147"},{"taxonomy":"product_cat","embeddable":true,"href":"https:\/\/vossgass.no\/en\/wp-json\/wp\/v2\/product_cat?post=18147"},{"taxonomy":"product_tag","embeddable":true,"href":"https:\/\/vossgass.no\/en\/wp-json\/wp\/v2\/product_tag?post=18147"}],"curies":[{"name":"wp","href":"https:\/\/api.w.org\/{rel}","templated":true}]}}