{"id":18145,"date":"2025-05-10T08:59:23","date_gmt":"2025-05-10T06:59:23","guid":{"rendered":"https:\/\/vossgass.no\/produkt\/munich-light-1-kg-ebc-15-knust\/"},"modified":"2026-04-09T13:06:42","modified_gmt":"2026-04-09T11:06:42","slug":"munich-light-1-kg-ebc-15-knust","status":"publish","type":"product","link":"https:\/\/vossgass.no\/en\/product\/munich-light-1-kg-ebc-15-knust\/","title":{"rendered":"Munich Light 1 kg EBC 15 KNUST"},"content":{"rendered":"","protected":false},"excerpt":{"rendered":"<p>Belgisk spesialmalt av M\u00fcnchen-type. Brennt opp til 100-105\u00b0C.<\/p>\n<p>Karakteristikk<\/p>\n<p>Rik, gylden malt. Gir en beskjeden farge\u00f8kning mot en fin, gylden-oransje farge. Tilf\u00f8rer en uttalt kornete maltaktig smak til mange \u00f8lstiler uten \u00e5 p\u00e5virke skumstabiliteten og kroppen. Brukes ogs\u00e5 i sm\u00e5 mengder i kombinasjon med Ch\u00e2teau Pilsen 2RS for \u00e5 produsere lys farget \u00f8l, forbedre maltsmaken og gi \u00f8let en rikere farge. Forsterker smaken av karakter\u00f8l.<\/p>\n<p>Bruk<\/p>\n<p>Pale ale, rav, brunt, sterkt og m\u00f8rkt \u00f8l, bocks. Opptil 60 % av blandingen.<\/p>","protected":false},"featured_media":18146,"comment_status":"open","ping_status":"closed","template":"","meta":[],"product_brand":[],"product_cat":[91,633,149],"product_tag":[],"class_list":{"0":"post-18145","1":"product","2":"type-product","3":"status-publish","4":"has-post-thumbnail","6":"product_cat-heimabrygg","7":"product_cat-malt-i-lausvekt","8":"product_cat-ravarer","10":"first","11":"instock","12":"taxable","13":"shipping-taxable","14":"purchasable","15":"product-type-simple"},"_links":{"self":[{"href":"https:\/\/vossgass.no\/en\/wp-json\/wp\/v2\/product\/18145","targetHints":{"allow":["GET"]}}],"collection":[{"href":"https:\/\/vossgass.no\/en\/wp-json\/wp\/v2\/product"}],"about":[{"href":"https:\/\/vossgass.no\/en\/wp-json\/wp\/v2\/types\/product"}],"replies":[{"embeddable":true,"href":"https:\/\/vossgass.no\/en\/wp-json\/wp\/v2\/comments?post=18145"}],"wp:featuredmedia":[{"embeddable":true,"href":"https:\/\/vossgass.no\/en\/wp-json\/wp\/v2\/media\/18146"}],"wp:attachment":[{"href":"https:\/\/vossgass.no\/en\/wp-json\/wp\/v2\/media?parent=18145"}],"wp:term":[{"taxonomy":"product_brand","embeddable":true,"href":"https:\/\/vossgass.no\/en\/wp-json\/wp\/v2\/product_brand?post=18145"},{"taxonomy":"product_cat","embeddable":true,"href":"https:\/\/vossgass.no\/en\/wp-json\/wp\/v2\/product_cat?post=18145"},{"taxonomy":"product_tag","embeddable":true,"href":"https:\/\/vossgass.no\/en\/wp-json\/wp\/v2\/product_tag?post=18145"}],"curies":[{"name":"wp","href":"https:\/\/api.w.org\/{rel}","templated":true}]}}