{"id":18142,"date":"2025-05-10T08:49:03","date_gmt":"2025-05-10T06:49:03","guid":{"rendered":"https:\/\/vossgass.no\/produkt\/pale-ale-malt-25-kg-sekk-ebc-7-9-knust\/"},"modified":"2026-04-01T22:42:03","modified_gmt":"2026-04-01T20:42:03","slug":"pale-ale-malt-25-kg-sekk-ebc-7-9-knust","status":"publish","type":"product","link":"https:\/\/vossgass.no\/en\/product\/pale-ale-malt-25-kg-sekk-ebc-7-9-knust\/","title":{"rendered":"Pale Ale malt 25 kg sekk EBC 7-9 KNUST"},"content":{"rendered":"","protected":false},"excerpt":{"rendered":"<p>Belgisk lys basemalt. <\/p>\n<p>Malten er vanligvis brukt som en ren basemalt eller i kombinasjon med Pilsen malt til \u00e5 fremheve en rikere maltsmak og ekstra farge. Da malten har en dypere farge kan malten bidra til \u00e5 mer gylden \u00f8l. Pale malten til Castle malting er ofte brukt i kombinasjon med kraftig gj\u00e6r til \u00e5 produsere amber og bitter.  Malten brennes lenger og er vanligvis bedre modned slik at den produserer en mer fremhevet smak enn det vanlig pilsen\/pilsner malt gj\u00f8r. <\/p>\n<p>Bruksomr\u00e5der<\/p>\n<p>Pale ale typer og bitter, eller mer tradisjonsrike Engelske \u00f8l typer. Anbefalt opp til 80%<\/p>","protected":false},"featured_media":18144,"comment_status":"open","ping_status":"closed","template":"","meta":[],"product_brand":[],"product_cat":[91,169,149],"product_tag":[],"class_list":{"0":"post-18142","1":"product","2":"type-product","3":"status-publish","4":"has-post-thumbnail","6":"product_cat-heimabrygg","7":"product_cat-malt","8":"product_cat-ravarer","9":"product_shipping_class-kan-ikke-sendes","11":"first","12":"instock","13":"taxable","14":"shipping-taxable","15":"purchasable","16":"product-type-simple"},"_links":{"self":[{"href":"https:\/\/vossgass.no\/en\/wp-json\/wp\/v2\/product\/18142","targetHints":{"allow":["GET"]}}],"collection":[{"href":"https:\/\/vossgass.no\/en\/wp-json\/wp\/v2\/product"}],"about":[{"href":"https:\/\/vossgass.no\/en\/wp-json\/wp\/v2\/types\/product"}],"replies":[{"embeddable":true,"href":"https:\/\/vossgass.no\/en\/wp-json\/wp\/v2\/comments?post=18142"}],"wp:featuredmedia":[{"embeddable":true,"href":"https:\/\/vossgass.no\/en\/wp-json\/wp\/v2\/media\/18144"}],"wp:attachment":[{"href":"https:\/\/vossgass.no\/en\/wp-json\/wp\/v2\/media?parent=18142"}],"wp:term":[{"taxonomy":"product_brand","embeddable":true,"href":"https:\/\/vossgass.no\/en\/wp-json\/wp\/v2\/product_brand?post=18142"},{"taxonomy":"product_cat","embeddable":true,"href":"https:\/\/vossgass.no\/en\/wp-json\/wp\/v2\/product_cat?post=18142"},{"taxonomy":"product_tag","embeddable":true,"href":"https:\/\/vossgass.no\/en\/wp-json\/wp\/v2\/product_tag?post=18142"}],"curies":[{"name":"wp","href":"https:\/\/api.w.org\/{rel}","templated":true}]}}