{"id":18140,"date":"2025-05-10T08:41:50","date_gmt":"2025-05-10T06:41:50","guid":{"rendered":"https:\/\/vossgass.no\/produkt\/acid-sur-malt-1-kg-ebc-6-12-knust\/"},"modified":"2026-03-27T14:51:14","modified_gmt":"2026-03-27T13:51:14","slug":"acid-sur-malt-1-kg-ebc-6-12-knust","status":"publish","type":"product","link":"https:\/\/vossgass.no\/en\/product\/acid-sur-malt-1-kg-ebc-6-12-knust\/","title":{"rendered":"Acid (sur) malt 1 kg EBC 6-12 KNUST"},"content":{"rendered":"","protected":false},"excerpt":{"rendered":"<p>Ch\u00e2teau Acid surmalt er et malt som er syrnet med melkesyrebakterier. Dette gj\u00f8r at maltet hjelper med \u00e5 senke pH i mesken. Maltet bidrar ogs\u00e5 med skumfasthet p\u00e5 det ferdige \u00f8let.<\/p>","protected":false},"featured_media":18141,"comment_status":"open","ping_status":"closed","template":"","meta":[],"product_brand":[],"product_cat":[91,633,149],"product_tag":[],"class_list":{"0":"post-18140","1":"product","2":"type-product","3":"status-publish","4":"has-post-thumbnail","6":"product_cat-heimabrygg","7":"product_cat-malt-i-lausvekt","8":"product_cat-ravarer","10":"first","11":"instock","12":"taxable","13":"shipping-taxable","14":"purchasable","15":"product-type-simple"},"_links":{"self":[{"href":"https:\/\/vossgass.no\/en\/wp-json\/wp\/v2\/product\/18140","targetHints":{"allow":["GET"]}}],"collection":[{"href":"https:\/\/vossgass.no\/en\/wp-json\/wp\/v2\/product"}],"about":[{"href":"https:\/\/vossgass.no\/en\/wp-json\/wp\/v2\/types\/product"}],"replies":[{"embeddable":true,"href":"https:\/\/vossgass.no\/en\/wp-json\/wp\/v2\/comments?post=18140"}],"wp:featuredmedia":[{"embeddable":true,"href":"https:\/\/vossgass.no\/en\/wp-json\/wp\/v2\/media\/18141"}],"wp:attachment":[{"href":"https:\/\/vossgass.no\/en\/wp-json\/wp\/v2\/media?parent=18140"}],"wp:term":[{"taxonomy":"product_brand","embeddable":true,"href":"https:\/\/vossgass.no\/en\/wp-json\/wp\/v2\/product_brand?post=18140"},{"taxonomy":"product_cat","embeddable":true,"href":"https:\/\/vossgass.no\/en\/wp-json\/wp\/v2\/product_cat?post=18140"},{"taxonomy":"product_tag","embeddable":true,"href":"https:\/\/vossgass.no\/en\/wp-json\/wp\/v2\/product_tag?post=18140"}],"curies":[{"name":"wp","href":"https:\/\/api.w.org\/{rel}","templated":true}]}}