{"id":18138,"date":"2025-05-10T08:31:19","date_gmt":"2025-05-10T06:31:19","guid":{"rendered":"https:\/\/vossgass.no\/produkt\/vienna-malt-25-kg-sekk-ebc-4-7-knust\/"},"modified":"2026-04-07T12:43:39","modified_gmt":"2026-04-07T10:43:39","slug":"vienna-malt-25-kg-sekk-ebc-4-7-knust","status":"publish","type":"product","link":"https:\/\/vossgass.no\/en\/product\/vienna-malt-25-kg-sekk-ebc-4-7-knust\/","title":{"rendered":"Vienna Malt 25 kg EBC 4-7 KNUST"},"content":{"rendered":"","protected":false},"excerpt":{"rendered":"<p>Ch\u00e2teau Vienna Malt eller Wienermalt er noe m\u00f8rkere enn pilsnermalt. Den brukes i m\u00f8rkere \u00f8ltyper som f.eks. det tyske M\u00e4rzen (oktoberfest \u00f8l). N\u00e5r fargen er litt m\u00f8rkere, s\u00e5 er det ogs\u00e5 en indikasjon p\u00e5 at denne gir mer maltsmak enn f.eks pilsnermalt.<\/p>\n<p>Type: Vienna Malt<br \/>\nFarge: 4 &#8211; 7 EBC<br \/>\nProdusent: Castle Malting, Belgia<\/p>","protected":false},"featured_media":18139,"comment_status":"open","ping_status":"closed","template":"","meta":[],"product_brand":[],"product_cat":[91,169,149],"product_tag":[],"class_list":{"0":"post-18138","1":"product","2":"type-product","3":"status-publish","4":"has-post-thumbnail","6":"product_cat-heimabrygg","7":"product_cat-malt","8":"product_cat-ravarer","9":"product_shipping_class-kan-ikke-sendes","11":"first","12":"outofstock","13":"taxable","14":"shipping-taxable","15":"purchasable","16":"product-type-simple"},"_links":{"self":[{"href":"https:\/\/vossgass.no\/en\/wp-json\/wp\/v2\/product\/18138","targetHints":{"allow":["GET"]}}],"collection":[{"href":"https:\/\/vossgass.no\/en\/wp-json\/wp\/v2\/product"}],"about":[{"href":"https:\/\/vossgass.no\/en\/wp-json\/wp\/v2\/types\/product"}],"replies":[{"embeddable":true,"href":"https:\/\/vossgass.no\/en\/wp-json\/wp\/v2\/comments?post=18138"}],"wp:featuredmedia":[{"embeddable":true,"href":"https:\/\/vossgass.no\/en\/wp-json\/wp\/v2\/media\/18139"}],"wp:attachment":[{"href":"https:\/\/vossgass.no\/en\/wp-json\/wp\/v2\/media?parent=18138"}],"wp:term":[{"taxonomy":"product_brand","embeddable":true,"href":"https:\/\/vossgass.no\/en\/wp-json\/wp\/v2\/product_brand?post=18138"},{"taxonomy":"product_cat","embeddable":true,"href":"https:\/\/vossgass.no\/en\/wp-json\/wp\/v2\/product_cat?post=18138"},{"taxonomy":"product_tag","embeddable":true,"href":"https:\/\/vossgass.no\/en\/wp-json\/wp\/v2\/product_tag?post=18138"}],"curies":[{"name":"wp","href":"https:\/\/api.w.org\/{rel}","templated":true}]}}