{"id":18128,"date":"2025-05-09T18:56:19","date_gmt":"2025-05-09T16:56:19","guid":{"rendered":"https:\/\/vossgass.no\/produkt\/ris-flak-05-kg-2\/"},"modified":"2025-10-23T10:06:00","modified_gmt":"2025-10-23T08:06:00","slug":"ris-flak-05-kg-2","status":"publish","type":"product","link":"https:\/\/vossgass.no\/en\/product\/ris-flak-05-kg-2\/","title":{"rendered":"Ris Flak 0,5 kg"},"content":{"rendered":"","protected":false},"excerpt":{"rendered":"<p>Ch\u00e2teau Rice Flakes<\/p>\n<p>Ch\u00e2teau Rice Flakes er ris som har blitt dampet og s\u00e5 flaket for \u00e5 f\u00e5 ut stivelsen.<\/p>\n<p>Flaket ris gj\u00f8r \u00f8let lysere og gir en ren og crisp munnf\u00f8lelse p\u00e5 \u00f8let.<br \/>\nDen har en lav EBC og t\u00f8rrere finish sammenlignet med flaket mais.<\/p>\n<p>Flaket ris har et lavt niv\u00e5 lipider og proteiner, og et h\u00f8yt niv\u00e5 av karbohydrater som m\u00e5 vurderes i bryggeprosessen.<\/p>\n<p>Type: Flaket ris<br \/>\nFarge: 2 &#8211; 3 EBC<br \/>\nProdusent: Castle malting<\/p>","protected":false},"featured_media":18129,"comment_status":"open","ping_status":"closed","template":"","meta":[],"product_brand":[],"product_cat":[91,149],"product_tag":[],"class_list":{"0":"post-18128","1":"product","2":"type-product","3":"status-publish","4":"has-post-thumbnail","6":"product_cat-heimabrygg","7":"product_cat-ravarer","9":"first","10":"outofstock","11":"taxable","12":"shipping-taxable","13":"purchasable","14":"product-type-simple"},"_links":{"self":[{"href":"https:\/\/vossgass.no\/en\/wp-json\/wp\/v2\/product\/18128","targetHints":{"allow":["GET"]}}],"collection":[{"href":"https:\/\/vossgass.no\/en\/wp-json\/wp\/v2\/product"}],"about":[{"href":"https:\/\/vossgass.no\/en\/wp-json\/wp\/v2\/types\/product"}],"replies":[{"embeddable":true,"href":"https:\/\/vossgass.no\/en\/wp-json\/wp\/v2\/comments?post=18128"}],"wp:featuredmedia":[{"embeddable":true,"href":"https:\/\/vossgass.no\/en\/wp-json\/wp\/v2\/media\/18129"}],"wp:attachment":[{"href":"https:\/\/vossgass.no\/en\/wp-json\/wp\/v2\/media?parent=18128"}],"wp:term":[{"taxonomy":"product_brand","embeddable":true,"href":"https:\/\/vossgass.no\/en\/wp-json\/wp\/v2\/product_brand?post=18128"},{"taxonomy":"product_cat","embeddable":true,"href":"https:\/\/vossgass.no\/en\/wp-json\/wp\/v2\/product_cat?post=18128"},{"taxonomy":"product_tag","embeddable":true,"href":"https:\/\/vossgass.no\/en\/wp-json\/wp\/v2\/product_tag?post=18128"}],"curies":[{"name":"wp","href":"https:\/\/api.w.org\/{rel}","templated":true}]}}