{"id":18126,"date":"2025-05-09T17:48:19","date_gmt":"2025-05-09T15:48:19","guid":{"rendered":"https:\/\/vossgass.no\/produkt\/store-havregryn-umaltet-1-kg-flaked-oat-2\/"},"modified":"2026-02-20T12:03:48","modified_gmt":"2026-02-20T11:03:48","slug":"store-havregryn-umaltet-1-kg-flaked-oat-2","status":"publish","type":"product","link":"https:\/\/vossgass.no\/en\/product\/store-havregryn-umaltet-1-kg-flaked-oat-2\/","title":{"rendered":"Store Havregryn umaltet 1 kg. Flaked Oat"},"content":{"rendered":"","protected":false},"excerpt":{"rendered":"<p>Store Havregryn umaltet fra M\u00f8llerens<\/p>\n<p>Flaket havre, laget av 100% norsk havre, er den perfekte ingrediensen for deg som vil tilsette flaket havre i \u00f8lbryggingen. Dette produktet tilf\u00f8rer \u00f8let en silkemyk munnf\u00f8lelse, en fyldigere kropp og forbedret skumstabilitet, egenskaper som er h\u00f8yt verdsatt i \u00f8lstiler som oatmeal stout og hazy IPA.<\/p>\n<p>Havre har et naturlig h\u00f8yt innhold av beta-glukaner, proteiner og fettstoffer, noe som gir \u00f8let en kremet tekstur og en rund smak. For \u00e5 f\u00e5 maksimal effekt fra havren anbefales det \u00e5 meske den sammen med basismalt, som gir enzymene som trengs for \u00e5 konvertere stivelsen til gj\u00e6rbare sukkerarter. Dette sikrer en smidig bryggeprosess og balanserte smaker.<\/p>\n<p>Type: Flaked Oat<br \/>\nFarge: 1 &#8211; 2 EBC<br \/>\nProdusent: M\u00f8llerens<\/p>","protected":false},"featured_media":18127,"comment_status":"open","ping_status":"closed","template":"","meta":[],"product_brand":[],"product_cat":[91,633,149],"product_tag":[],"class_list":{"0":"post-18126","1":"product","2":"type-product","3":"status-publish","4":"has-post-thumbnail","6":"product_cat-heimabrygg","7":"product_cat-malt-i-lausvekt","8":"product_cat-ravarer","10":"first","11":"instock","12":"taxable","13":"shipping-taxable","14":"purchasable","15":"product-type-simple"},"_links":{"self":[{"href":"https:\/\/vossgass.no\/en\/wp-json\/wp\/v2\/product\/18126","targetHints":{"allow":["GET"]}}],"collection":[{"href":"https:\/\/vossgass.no\/en\/wp-json\/wp\/v2\/product"}],"about":[{"href":"https:\/\/vossgass.no\/en\/wp-json\/wp\/v2\/types\/product"}],"replies":[{"embeddable":true,"href":"https:\/\/vossgass.no\/en\/wp-json\/wp\/v2\/comments?post=18126"}],"wp:featuredmedia":[{"embeddable":true,"href":"https:\/\/vossgass.no\/en\/wp-json\/wp\/v2\/media\/18127"}],"wp:attachment":[{"href":"https:\/\/vossgass.no\/en\/wp-json\/wp\/v2\/media?parent=18126"}],"wp:term":[{"taxonomy":"product_brand","embeddable":true,"href":"https:\/\/vossgass.no\/en\/wp-json\/wp\/v2\/product_brand?post=18126"},{"taxonomy":"product_cat","embeddable":true,"href":"https:\/\/vossgass.no\/en\/wp-json\/wp\/v2\/product_cat?post=18126"},{"taxonomy":"product_tag","embeddable":true,"href":"https:\/\/vossgass.no\/en\/wp-json\/wp\/v2\/product_tag?post=18126"}],"curies":[{"name":"wp","href":"https:\/\/api.w.org\/{rel}","templated":true}]}}