{"id":18119,"date":"2025-05-09T12:38:54","date_gmt":"2025-05-09T10:38:54","guid":{"rendered":"https:\/\/vossgass.no\/produkt\/crystal-malt-1-kg-ebc-150-knust\/"},"modified":"2026-04-17T07:51:59","modified_gmt":"2026-04-17T05:51:59","slug":"crystal-malt-1kg-ebc150-knust","status":"publish","type":"product","link":"https:\/\/vossgass.no\/en\/product\/crystal-malt-1kg-ebc150-knust\/","title":{"rendered":"Crystal malt 1 kg EBC 150 KNUST"},"content":{"rendered":"","protected":false},"excerpt":{"rendered":"<p>Distinkt belgisk aromatisk malt med unik aroma og smaksprofil. En spesiell produksjonsprosess utviklet av Castle Malting\u00ae.<\/p>\n<p>EBC: 150<\/p>\n<p>Denne karamell-kobberfargede malten gir en rik maltsmak og aroma til gult og m\u00f8rkt lager\u00f8l. Sammenlignet med andre tradisjonelle fargede malter, har Ch\u00e2teau Crystal\u00ae en enda sterkere diastatisk kraft og gir en jevnere bitterhet.<\/p>\n<p>Bruk<br \/>\nAromatiske og fargede \u00f8l. Perfekt for alle \u00f8l der det kreves h\u00f8yprofilmalt. Utmerket valg for belgisk \u00f8l og tysk bock-\u00f8lstiler. Opptil 20 % av blandingen.<\/p>\n<p>All malt blir knust og samla i ein pose hvis ikkje anna blir spesifisert av deg<br \/>\n(dette kan du skrive i melding-til-butikken-feltet rett f\u00f8r betalingsdelen)<\/p>\n<p>&#8211; forel\u00f8pig kan du KUN bestille heile kilo her i nettbutikken<\/p>\n<p>Som alternativ, kan du velge \u00e5 sende di eiga oppskrift til post@vossgass.no<br \/>\nd\u00e5 f\u00e5r du akkurat den mengde malt du ynskjer av sortane som er p\u00e5 lager her i nettbutikken.<br \/>\nN\u00e5r alt er klart, kan du vippse oss og me sender, eller du henter og betaler i butikken.<\/p>\n<p>&#8211; humle og andre r\u00e5varer er fast mengde og blir ikkje delt opp, d\u00e5 er alternativet \u00e5 kj\u00f8pe ferdige \u00f8lsett.<\/p>","protected":false},"featured_media":18121,"comment_status":"open","ping_status":"closed","template":"","meta":[],"product_brand":[],"product_cat":[91,633,149],"product_tag":[],"class_list":{"0":"post-18119","1":"product","2":"type-product","3":"status-publish","4":"has-post-thumbnail","6":"product_cat-heimabrygg","7":"product_cat-malt-i-lausvekt","8":"product_cat-ravarer","10":"first","11":"instock","12":"taxable","13":"shipping-taxable","14":"purchasable","15":"product-type-simple"},"_links":{"self":[{"href":"https:\/\/vossgass.no\/en\/wp-json\/wp\/v2\/product\/18119","targetHints":{"allow":["GET"]}}],"collection":[{"href":"https:\/\/vossgass.no\/en\/wp-json\/wp\/v2\/product"}],"about":[{"href":"https:\/\/vossgass.no\/en\/wp-json\/wp\/v2\/types\/product"}],"replies":[{"embeddable":true,"href":"https:\/\/vossgass.no\/en\/wp-json\/wp\/v2\/comments?post=18119"}],"wp:featuredmedia":[{"embeddable":true,"href":"https:\/\/vossgass.no\/en\/wp-json\/wp\/v2\/media\/18121"}],"wp:attachment":[{"href":"https:\/\/vossgass.no\/en\/wp-json\/wp\/v2\/media?parent=18119"}],"wp:term":[{"taxonomy":"product_brand","embeddable":true,"href":"https:\/\/vossgass.no\/en\/wp-json\/wp\/v2\/product_brand?post=18119"},{"taxonomy":"product_cat","embeddable":true,"href":"https:\/\/vossgass.no\/en\/wp-json\/wp\/v2\/product_cat?post=18119"},{"taxonomy":"product_tag","embeddable":true,"href":"https:\/\/vossgass.no\/en\/wp-json\/wp\/v2\/product_tag?post=18119"}],"curies":[{"name":"wp","href":"https:\/\/api.w.org\/{rel}","templated":true}]}}