{"id":18117,"date":"2025-05-09T12:36:16","date_gmt":"2025-05-09T10:36:16","guid":{"rendered":"https:\/\/vossgass.no\/produkt\/cara-gold-malt-1-kg-ebc-120-knust\/"},"modified":"2026-03-17T10:38:44","modified_gmt":"2026-03-17T09:38:44","slug":"cara-gold-malt-1-kg-ebc-120-knust","status":"publish","type":"product","link":"https:\/\/vossgass.no\/en\/product\/cara-gold-malt-1-kg-ebc-120-knust\/","title":{"rendered":"Cara Gold malt 1 kg EBC 120 KNUST"},"content":{"rendered":"","protected":false},"excerpt":{"rendered":"<p>En m\u00f8rk belgisk malt i karamellstil. H\u00f8y spiringstemperatur. Smakutvikling ved opptil 220\u00b0C, intens aroma.<\/p>\n<p>EBC 120<\/p>\n<p>Ch\u00e2teau Cara Gold\u00ae-malt gir en sterk karamell-s\u00f8t aroma og unik fl\u00f8tekaramell-lignende smak, og tilf\u00f8rer en rik ravfarge til \u00f8l. Et kjennetegn ved alle karamellmalter er at den gir en &laquo;blank&raquo; \u00f8l.. Denne glassaktige endospermen skaper de \u00f8nskelige ikke-fermenterbare komponentene som gir ekte karamellmalt evnen til \u00e5 bidra med munnf\u00f8lelse, hode, hoderetensjon og utvidet \u00f8lstabilitet.<\/p>\n<p>Bruk<\/p>\n<p>Brunt og m\u00f8rkt \u00f8l. Opptil 20 % av blandingen.<\/p>\n<p>All malt blir knust og samla i ein pose hvis ikkje anna blir spesifisert av deg<br \/>\n(dette kan du skrive i melding-til-butikken-feltet rett f\u00f8r betalingsdelen)<\/p>\n<p>&#8211; forel\u00f8pig kan du KUN bestille heile kilo her i nettbutikken<\/p>\n<p>Som alternativ, kan du velge \u00e5 sende di eiga oppskrift til post@vossgass.no<br \/>\nd\u00e5 f\u00e5r du akkurat den mengde malt du ynskjer av sortane som er p\u00e5 lager her i nettbutikken.<br \/>\nN\u00e5r alt er klart, kan du vippse oss og me sender, eller du henter og betaler i butikken.<\/p>\n<p>&#8211; humle og andre r\u00e5varer er fast mengde og blir ikkje delt opp, d\u00e5 er alternativet \u00e5 kj\u00f8pe ferdige \u00f8lsett.<\/p>","protected":false},"featured_media":18118,"comment_status":"open","ping_status":"closed","template":"","meta":[],"product_brand":[],"product_cat":[91,633,149],"product_tag":[],"class_list":{"0":"post-18117","1":"product","2":"type-product","3":"status-publish","4":"has-post-thumbnail","6":"product_cat-heimabrygg","7":"product_cat-malt-i-lausvekt","8":"product_cat-ravarer","10":"first","11":"instock","12":"taxable","13":"shipping-taxable","14":"purchasable","15":"product-type-simple"},"_links":{"self":[{"href":"https:\/\/vossgass.no\/en\/wp-json\/wp\/v2\/product\/18117","targetHints":{"allow":["GET"]}}],"collection":[{"href":"https:\/\/vossgass.no\/en\/wp-json\/wp\/v2\/product"}],"about":[{"href":"https:\/\/vossgass.no\/en\/wp-json\/wp\/v2\/types\/product"}],"replies":[{"embeddable":true,"href":"https:\/\/vossgass.no\/en\/wp-json\/wp\/v2\/comments?post=18117"}],"wp:featuredmedia":[{"embeddable":true,"href":"https:\/\/vossgass.no\/en\/wp-json\/wp\/v2\/media\/18118"}],"wp:attachment":[{"href":"https:\/\/vossgass.no\/en\/wp-json\/wp\/v2\/media?parent=18117"}],"wp:term":[{"taxonomy":"product_brand","embeddable":true,"href":"https:\/\/vossgass.no\/en\/wp-json\/wp\/v2\/product_brand?post=18117"},{"taxonomy":"product_cat","embeddable":true,"href":"https:\/\/vossgass.no\/en\/wp-json\/wp\/v2\/product_cat?post=18117"},{"taxonomy":"product_tag","embeddable":true,"href":"https:\/\/vossgass.no\/en\/wp-json\/wp\/v2\/product_tag?post=18117"}],"curies":[{"name":"wp","href":"https:\/\/api.w.org\/{rel}","templated":true}]}}