{"id":18092,"date":"2025-05-05T15:18:30","date_gmt":"2025-05-05T13:18:30","guid":{"rendered":"https:\/\/vossgass.no\/produkt\/chemipro-oxi-1-kg-miljovaskemiddtreng-ikkje-skyll\/"},"modified":"2026-03-27T12:06:31","modified_gmt":"2026-03-27T11:06:31","slug":"chemipro-oxi-1-kg-miljovaskemiddtreng-ikkje-skyll","status":"publish","type":"product","link":"https:\/\/vossgass.no\/en\/product\/chemipro-oxi-1-kg-miljovaskemiddtreng-ikkje-skyll\/","title":{"rendered":"Chemipro OXI 1 kg Milj\u00f8vaskemidd,treng ikkje skyll"},"content":{"rendered":"","protected":false},"excerpt":{"rendered":"<p>CHEMIPRO OXI. Rengj\u00f8ringsmiddel som ikke trenger \u00e5 skylles bort. Aktivt oksygen minimerer kontakttiden og garanterer hygienisk rengj\u00f8ring.<\/p>\n<p>Dosering: 4 g\/liter varmt vann. Skyll eller dypp flasker og andre materialer.<br \/>\nKontakttid: 2-5 minutter.<br \/>\nLa det renne av seg t\u00f8rt. Ingen grunn til \u00e5 skylle etterp\u00e5.<\/p>\n<p>Link til sikkerhetsdatablad<\/p>","protected":false},"featured_media":18093,"comment_status":"open","ping_status":"closed","template":"","meta":[],"product_brand":[],"product_cat":[256,91],"product_tag":[],"class_list":{"0":"post-18092","1":"product","2":"type-product","3":"status-publish","4":"has-post-thumbnail","6":"product_cat-bryggeutstyr-heimabrygg","7":"product_cat-heimabrygg","9":"first","10":"instock","11":"taxable","12":"shipping-taxable","13":"purchasable","14":"product-type-simple"},"_links":{"self":[{"href":"https:\/\/vossgass.no\/en\/wp-json\/wp\/v2\/product\/18092","targetHints":{"allow":["GET"]}}],"collection":[{"href":"https:\/\/vossgass.no\/en\/wp-json\/wp\/v2\/product"}],"about":[{"href":"https:\/\/vossgass.no\/en\/wp-json\/wp\/v2\/types\/product"}],"replies":[{"embeddable":true,"href":"https:\/\/vossgass.no\/en\/wp-json\/wp\/v2\/comments?post=18092"}],"wp:featuredmedia":[{"embeddable":true,"href":"https:\/\/vossgass.no\/en\/wp-json\/wp\/v2\/media\/18093"}],"wp:attachment":[{"href":"https:\/\/vossgass.no\/en\/wp-json\/wp\/v2\/media?parent=18092"}],"wp:term":[{"taxonomy":"product_brand","embeddable":true,"href":"https:\/\/vossgass.no\/en\/wp-json\/wp\/v2\/product_brand?post=18092"},{"taxonomy":"product_cat","embeddable":true,"href":"https:\/\/vossgass.no\/en\/wp-json\/wp\/v2\/product_cat?post=18092"},{"taxonomy":"product_tag","embeddable":true,"href":"https:\/\/vossgass.no\/en\/wp-json\/wp\/v2\/product_tag?post=18092"}],"curies":[{"name":"wp","href":"https:\/\/api.w.org\/{rel}","templated":true}]}}