{"id":18080,"date":"2025-05-05T14:40:31","date_gmt":"2025-05-05T12:40:31","guid":{"rendered":"https:\/\/vossgass.no\/produkt\/inkbird-wifi-itc-308-temperatur-kontroller-med-wifi\/"},"modified":"2026-04-11T02:25:12","modified_gmt":"2026-04-11T00:25:12","slug":"inkbird-wifi-itc-308-temperatur-kontroller-med-wifi","status":"publish","type":"product","link":"https:\/\/vossgass.no\/en\/product\/inkbird-wifi-itc-308-temperatur-kontroller-med-wifi\/","title":{"rendered":"Inkbird WIFI ITC-308. Temperatur kontroller med wifi"},"content":{"rendered":"","protected":false},"excerpt":{"rendered":"<p>Inkbird WIFI ITC-308 er markedets r\u00e5este dual plug and play temperatur kontroller som styrer b\u00e5de kj\u00f8ling og oppvarming under gj\u00e6ring. Denne modellen lar deg kontrollere gj\u00e6ringstemperaturen via appen InkbirdSmart.<\/p>\n<p>En praktisk temperaturkontroller med \u00e9n temperaturprobe og dobbel rel\u00e9utgang for automatisk styring av b\u00e5de kj\u00f8ling og oppvarming &#8211; perfekt for \u00e5 opprettholde riktig gj\u00e6ringstemperatur, og justere temperaturen underveis for diacetyl rest og cold crash. WIFI-versjonen lar deg overv\u00e5ke og justere gj\u00e6ringstemperaturen underveis via appen &laquo;Inkbirdsmart&raquo;, uansett hvor du befinner deg i verden.<\/p>\n<p>Temperaturomr\u00e5de: -40 til +100\u00b0C<br \/>\nTemperatur oppl\u00f8sning: 0,1\u00b0C<br \/>\nN\u00f8yaktighet: \u00b1 1\u00b0C  ved -50 til +70\u00b0C<br \/>\nMax utgangseffekt 2200W, 220V<br \/>\nLengde kabel p\u00e5 temperatursensor: 2m<br \/>\nB\u00e5de kj\u00f8le og oppvarmingsrele t\u00e5ler 10A<br \/>\nWIFI st\u00f8tte for 2.4GHz Wi-Fi ruter<br \/>\nKompressorsbeskyttelse ved kj\u00f8ling<br \/>\nLengde str\u00f8mkabel: 1,5 m<br \/>\nAppen &laquo;InkbirdSmart&raquo; er tilgjengelig for b\u00e5de iOS og Android.<\/p>","protected":false},"featured_media":18081,"comment_status":"open","ping_status":"closed","template":"","meta":[],"product_brand":[],"product_cat":[256,91],"product_tag":[],"class_list":{"0":"post-18080","1":"product","2":"type-product","3":"status-publish","4":"has-post-thumbnail","6":"product_cat-bryggeutstyr-heimabrygg","7":"product_cat-heimabrygg","9":"first","10":"instock","11":"featured","12":"taxable","13":"shipping-taxable","14":"purchasable","15":"product-type-simple"},"_links":{"self":[{"href":"https:\/\/vossgass.no\/en\/wp-json\/wp\/v2\/product\/18080","targetHints":{"allow":["GET"]}}],"collection":[{"href":"https:\/\/vossgass.no\/en\/wp-json\/wp\/v2\/product"}],"about":[{"href":"https:\/\/vossgass.no\/en\/wp-json\/wp\/v2\/types\/product"}],"replies":[{"embeddable":true,"href":"https:\/\/vossgass.no\/en\/wp-json\/wp\/v2\/comments?post=18080"}],"wp:featuredmedia":[{"embeddable":true,"href":"https:\/\/vossgass.no\/en\/wp-json\/wp\/v2\/media\/18081"}],"wp:attachment":[{"href":"https:\/\/vossgass.no\/en\/wp-json\/wp\/v2\/media?parent=18080"}],"wp:term":[{"taxonomy":"product_brand","embeddable":true,"href":"https:\/\/vossgass.no\/en\/wp-json\/wp\/v2\/product_brand?post=18080"},{"taxonomy":"product_cat","embeddable":true,"href":"https:\/\/vossgass.no\/en\/wp-json\/wp\/v2\/product_cat?post=18080"},{"taxonomy":"product_tag","embeddable":true,"href":"https:\/\/vossgass.no\/en\/wp-json\/wp\/v2\/product_tag?post=18080"}],"curies":[{"name":"wp","href":"https:\/\/api.w.org\/{rel}","templated":true}]}}