{"id":18075,"date":"2025-05-05T11:35:20","date_gmt":"2025-05-05T09:35:20","guid":{"rendered":"https:\/\/vossgass.no\/produkt\/floating-dip-tube-med-filter-flyteball-filter-og-slange-100cm\/"},"modified":"2026-04-23T15:39:39","modified_gmt":"2026-04-23T13:39:39","slug":"floating-dip-tube-med-filter-flyteball-filter-og-slange-100cm","status":"publish","type":"product","link":"https:\/\/vossgass.no\/en\/product\/floating-dip-tube-med-filter-flyteball-filter-og-slange-100cm\/","title":{"rendered":"Floating Dip Tube med filter. Flyteball, filter og slange 100cm"},"content":{"rendered":"","protected":false},"excerpt":{"rendered":"<p>Sett med flyteball, filter og 1 meter silikonslange. Passer perfekt til FermZilla og lignende der man \u00f8nsker avtapping fra toppen av v\u00e6sken.<\/p>\n<p>Med dette settet kan du enkelt tappe \u00f8let fra gj\u00e6ringstanken uten \u00e5 f\u00e5 med rusk og rask som samler seg p\u00e5 bunnen. Her tapper du alltid fra toppen, og f\u00e5r dermed det klareste \u00f8let videre p\u00e5 fat.<\/p>\n<p>Passer FermZilla Conical og All Rounder gj\u00e6ringstanker<\/p>","protected":false},"featured_media":18076,"comment_status":"open","ping_status":"closed","template":"","meta":[],"product_brand":[],"product_cat":[256,91],"product_tag":[],"class_list":{"0":"post-18075","1":"product","2":"type-product","3":"status-publish","4":"has-post-thumbnail","6":"product_cat-bryggeutstyr-heimabrygg","7":"product_cat-heimabrygg","9":"first","10":"instock","11":"taxable","12":"shipping-taxable","13":"purchasable","14":"product-type-simple"},"_links":{"self":[{"href":"https:\/\/vossgass.no\/en\/wp-json\/wp\/v2\/product\/18075","targetHints":{"allow":["GET"]}}],"collection":[{"href":"https:\/\/vossgass.no\/en\/wp-json\/wp\/v2\/product"}],"about":[{"href":"https:\/\/vossgass.no\/en\/wp-json\/wp\/v2\/types\/product"}],"replies":[{"embeddable":true,"href":"https:\/\/vossgass.no\/en\/wp-json\/wp\/v2\/comments?post=18075"}],"wp:featuredmedia":[{"embeddable":true,"href":"https:\/\/vossgass.no\/en\/wp-json\/wp\/v2\/media\/18076"}],"wp:attachment":[{"href":"https:\/\/vossgass.no\/en\/wp-json\/wp\/v2\/media?parent=18075"}],"wp:term":[{"taxonomy":"product_brand","embeddable":true,"href":"https:\/\/vossgass.no\/en\/wp-json\/wp\/v2\/product_brand?post=18075"},{"taxonomy":"product_cat","embeddable":true,"href":"https:\/\/vossgass.no\/en\/wp-json\/wp\/v2\/product_cat?post=18075"},{"taxonomy":"product_tag","embeddable":true,"href":"https:\/\/vossgass.no\/en\/wp-json\/wp\/v2\/product_tag?post=18075"}],"curies":[{"name":"wp","href":"https:\/\/api.w.org\/{rel}","templated":true}]}}