{"id":18069,"date":"2025-05-05T11:29:10","date_gmt":"2025-05-05T09:29:10","guid":{"rendered":"https:\/\/vossgass.no\/produkt\/wort-spreader-and-aerator-vorterspreder\/"},"modified":"2025-09-23T12:53:20","modified_gmt":"2025-09-23T10:53:20","slug":"wort-spreader-and-aerator-vorterspreder","status":"publish","type":"product","link":"https:\/\/vossgass.no\/en\/product\/wort-spreader-and-aerator-vorterspreder\/","title":{"rendered":"Wort Spreader and Aerator. V\u00f8rterspreder"},"content":{"rendered":"","protected":false},"excerpt":{"rendered":"<p>Her har du en veldig enkel og pratisk v\u00f8rterspreder som du kan bruke n\u00e5r du mesker.<\/p>\n<p>Med denne festet til resirkulasjonsarmen din vil v\u00f8rteren fordele seg jevnt utover maltsengen.<\/p>\n<p>Den er ogs\u00e5 fin \u00e5 bruke n\u00e5r du skal ha v\u00f8rter over i gj\u00e6ringskar, for \u00e5 f\u00e5 mest mulig oksygen i v\u00e6ska f\u00f8r gj\u00e6ring.<\/p>\n<p>12,7 mm slangenippel til sirkulasjonsarm.<br \/>\nV\u00f8rtersprederen festes med 1\/2&#8243; mutter i rustfritt st\u00e5l (f\u00f8lger med)<\/p>","protected":false},"featured_media":18070,"comment_status":"open","ping_status":"closed","template":"","meta":[],"product_brand":[],"product_cat":[256,91],"product_tag":[],"class_list":{"0":"post-18069","1":"product","2":"type-product","3":"status-publish","4":"has-post-thumbnail","6":"product_cat-bryggeutstyr-heimabrygg","7":"product_cat-heimabrygg","9":"first","10":"outofstock","11":"taxable","12":"shipping-taxable","13":"purchasable","14":"product-type-simple"},"_links":{"self":[{"href":"https:\/\/vossgass.no\/en\/wp-json\/wp\/v2\/product\/18069","targetHints":{"allow":["GET"]}}],"collection":[{"href":"https:\/\/vossgass.no\/en\/wp-json\/wp\/v2\/product"}],"about":[{"href":"https:\/\/vossgass.no\/en\/wp-json\/wp\/v2\/types\/product"}],"replies":[{"embeddable":true,"href":"https:\/\/vossgass.no\/en\/wp-json\/wp\/v2\/comments?post=18069"}],"wp:featuredmedia":[{"embeddable":true,"href":"https:\/\/vossgass.no\/en\/wp-json\/wp\/v2\/media\/18070"}],"wp:attachment":[{"href":"https:\/\/vossgass.no\/en\/wp-json\/wp\/v2\/media?parent=18069"}],"wp:term":[{"taxonomy":"product_brand","embeddable":true,"href":"https:\/\/vossgass.no\/en\/wp-json\/wp\/v2\/product_brand?post=18069"},{"taxonomy":"product_cat","embeddable":true,"href":"https:\/\/vossgass.no\/en\/wp-json\/wp\/v2\/product_cat?post=18069"},{"taxonomy":"product_tag","embeddable":true,"href":"https:\/\/vossgass.no\/en\/wp-json\/wp\/v2\/product_tag?post=18069"}],"curies":[{"name":"wp","href":"https:\/\/api.w.org\/{rel}","templated":true}]}}