{"id":18066,"date":"2025-05-05T10:29:08","date_gmt":"2025-05-05T08:29:08","guid":{"rendered":"https:\/\/vossgass.no\/produkt\/slangeklemme-14-25mm-i-rustfritt-stal-for-bruk-uten-verktoy\/"},"modified":"2025-09-24T15:10:15","modified_gmt":"2025-09-24T13:10:15","slug":"slangeklemme-14-25mm-i-rustfritt-stal-for-bruk-uten-verktoy","status":"publish","type":"product","link":"https:\/\/vossgass.no\/en\/product\/slangeklemme-14-25mm-i-rustfritt-stal-for-bruk-uten-verktoy\/","title":{"rendered":"Slangeklemme 14-25mm i rustfritt st\u00e5l. For bruk uten verkt\u00f8y"},"content":{"rendered":"","protected":false},"excerpt":{"rendered":"<p>Slangeklemme for 14-25mm slanger.<\/p>\n<p>Kommer med en kjekk butterfly\/n\u00f8kkel som gj\u00f8r at du ikke trenger verkt\u00f8y for \u00e5 bruke denne.<\/p>\n<p>Laget i rustfritt st\u00e5l.<\/p>","protected":false},"featured_media":18068,"comment_status":"open","ping_status":"closed","template":"","meta":[],"product_brand":[],"product_cat":[256,91],"product_tag":[],"class_list":{"0":"post-18066","1":"product","2":"type-product","3":"status-publish","4":"has-post-thumbnail","6":"product_cat-bryggeutstyr-heimabrygg","7":"product_cat-heimabrygg","9":"first","10":"instock","11":"taxable","12":"shipping-taxable","13":"purchasable","14":"product-type-simple"},"_links":{"self":[{"href":"https:\/\/vossgass.no\/en\/wp-json\/wp\/v2\/product\/18066","targetHints":{"allow":["GET"]}}],"collection":[{"href":"https:\/\/vossgass.no\/en\/wp-json\/wp\/v2\/product"}],"about":[{"href":"https:\/\/vossgass.no\/en\/wp-json\/wp\/v2\/types\/product"}],"replies":[{"embeddable":true,"href":"https:\/\/vossgass.no\/en\/wp-json\/wp\/v2\/comments?post=18066"}],"wp:featuredmedia":[{"embeddable":true,"href":"https:\/\/vossgass.no\/en\/wp-json\/wp\/v2\/media\/18068"}],"wp:attachment":[{"href":"https:\/\/vossgass.no\/en\/wp-json\/wp\/v2\/media?parent=18066"}],"wp:term":[{"taxonomy":"product_brand","embeddable":true,"href":"https:\/\/vossgass.no\/en\/wp-json\/wp\/v2\/product_brand?post=18066"},{"taxonomy":"product_cat","embeddable":true,"href":"https:\/\/vossgass.no\/en\/wp-json\/wp\/v2\/product_cat?post=18066"},{"taxonomy":"product_tag","embeddable":true,"href":"https:\/\/vossgass.no\/en\/wp-json\/wp\/v2\/product_tag?post=18066"}],"curies":[{"name":"wp","href":"https:\/\/api.w.org\/{rel}","templated":true}]}}